{"id":27236,"date":"2023-08-22T17:07:45","date_gmt":"2023-08-22T17:07:45","guid":{"rendered":"http:\/\/aliyevclinic.com\/online-termin\/"},"modified":"2023-10-31T08:14:12","modified_gmt":"2023-10-31T08:14:12","slug":"online-termin","status":"publish","type":"page","link":"https:\/\/aliyevclinic.com\/de\/online-termin\/","title":{"rendered":"Online-Termin"},"content":{"rendered":"\t\t<div data-elementor-type=\"wp-page\" data-elementor-id=\"27236\" class=\"elementor elementor-27236 elementor-25825\" data-elementor-post-type=\"page\">\n\t\t\t\t\t\t\t\t\t<section class=\"elementor-section elementor-top-section elementor-element elementor-element-4c23b861 elementor-section-boxed elementor-section-height-default elementor-section-height-default sc_fly_static\" data-id=\"4c23b861\" data-element_type=\"section\">\n\t\t\t\t\t\t<div class=\"elementor-container elementor-column-gap-extended\">\n\t\t\t\t\t<div class=\"elementor-column elementor-col-100 elementor-top-column elementor-element elementor-element-34044f2d sc_inner_width_none sc_content_align_inherit sc_layouts_column_icons_position_left sc_fly_static\" data-id=\"34044f2d\" data-element_type=\"column\">\n\t\t\t<div class=\"elementor-widget-wrap elementor-element-populated\">\n\t\t\t\t\t\t\t\t<div class=\"elementor-element elementor-element-c4122e5 sc_height_huge sc_fly_static elementor-widget elementor-widget-spacer\" data-id=\"c4122e5\" data-element_type=\"widget\" data-widget_type=\"spacer.default\">\n\t\t\t\t<div class=\"elementor-widget-container\">\n\t\t\t\t\t<div class=\"elementor-spacer\">\n\t\t\t<div class=\"elementor-spacer-inner\"><\/div>\n\t\t<\/div>\n\t\t\t\t<\/div>\n\t\t\t\t<\/div>\n\t\t\t\t\t<\/div>\n\t\t<\/div>\n\t\t\t\t\t\t\t<\/div>\n\t\t<\/section>\n\t\t\t\t<section class=\"elementor-section elementor-top-section elementor-element elementor-element-ae7a434 elementor-section-boxed elementor-section-height-default elementor-section-height-default sc_fly_static\" data-id=\"ae7a434\" data-element_type=\"section\" data-settings=\"{&quot;background_background&quot;:&quot;classic&quot;}\">\n\t\t\t\t\t\t<div class=\"elementor-container elementor-column-gap-no\">\n\t\t\t\t\t<div class=\"elementor-column elementor-col-100 elementor-top-column elementor-element elementor-element-5a8a8ed sc_inner_width_none sc_content_align_inherit sc_layouts_column_icons_position_left sc_fly_static\" data-id=\"5a8a8ed\" data-element_type=\"column\">\n\t\t\t<div class=\"elementor-widget-wrap elementor-element-populated\">\n\t\t\t\t\t\t\t\t<div class=\"elementor-element elementor-element-35ec80e sc_fly_static elementor-widget elementor-widget-trx_sc_title\" data-id=\"35ec80e\" data-element_type=\"widget\" data-widget_type=\"trx_sc_title.default\">\n\t\t\t\t<div class=\"elementor-widget-container\">\n\t\t\t<div\t\tclass=\"sc_title sc_title_default\" ><span class=\"sc_item_subtitle sc_title_subtitle sc_align_center sc_item_subtitle_above sc_item_title_style_default sc_item_subtitle_with_custom_color trx_addons_inline_1093576490\">ONLINE BUCHUNG<\/span><h1 class=\"sc_item_title sc_title_title sc_align_center sc_item_title_style_default sc_item_title_tag\"\n\t\t\t><span class=\"sc_item_title_text\">W\u00e4hlen Sie ein passendes Datum<\/span><\/h1><div class=\"sc_item_descr sc_title_descr sc_align_center sc_item_descr_with_custom_color trx_addons_inline_1696280968\"><p>Dr. Aliyevs Berater wird Sie bei dem Vorgespr\u00e4ch kontaktieren, um Ihre Bed\u00fcrfnisse zu verstehen und Ihre Fragen zu beantworten. Im zweiten Treffen werden Sie direkt Dr. Aliyev pers\u00f6nlich treffen.<\/p>\n<\/div><\/div>\t\t<\/div>\n\t\t\t\t<\/div>\n\t\t\t\t\t<\/div>\n\t\t<\/div>\n\t\t\t\t\t\t\t<\/div>\n\t\t<\/section>\n\t\t\t\t<section class=\"elementor-section elementor-top-section elementor-element elementor-element-eb7eb51 elementor-section-boxed elementor-section-height-default elementor-section-height-default sc_fly_static\" data-id=\"eb7eb51\" data-element_type=\"section\">\n\t\t\t\t\t\t<div class=\"elementor-container elementor-column-gap-extended\">\n\t\t\t\t\t<div class=\"elementor-column elementor-col-100 elementor-top-column elementor-element elementor-element-3298a0c sc_inner_width_none sc_content_align_inherit sc_layouts_column_icons_position_left sc_fly_static\" data-id=\"3298a0c\" data-element_type=\"column\">\n\t\t\t<div class=\"elementor-widget-wrap elementor-element-populated\">\n\t\t\t\t\t\t\t\t<div class=\"elementor-element elementor-element-0ae7e9a sc_height_tiny sc_fly_static elementor-widget elementor-widget-spacer\" data-id=\"0ae7e9a\" data-element_type=\"widget\" data-widget_type=\"spacer.default\">\n\t\t\t\t<div class=\"elementor-widget-container\">\n\t\t\t\t\t<div class=\"elementor-spacer\">\n\t\t\t<div class=\"elementor-spacer-inner\"><\/div>\n\t\t<\/div>\n\t\t\t\t<\/div>\n\t\t\t\t<\/div>\n\t\t\t\t\t<\/div>\n\t\t<\/div>\n\t\t\t\t\t\t\t<\/div>\n\t\t<\/section>\n\t\t\t\t<section class=\"elementor-section elementor-top-section elementor-element elementor-element-b74bccb elementor-section-boxed elementor-section-height-default elementor-section-height-default sc_fly_static\" data-id=\"b74bccb\" data-element_type=\"section\">\n\t\t\t\t\t\t<div class=\"elementor-container elementor-column-gap-extended\">\n\t\t\t\t\t<div class=\"elementor-column elementor-col-100 elementor-top-column elementor-element elementor-element-1704797 sc_inner_width_none sc_content_align_inherit sc_layouts_column_icons_position_left sc_fly_static\" data-id=\"1704797\" data-element_type=\"column\">\n\t\t\t<div class=\"elementor-widget-wrap elementor-element-populated\">\n\t\t\t\t\t\t\t\t<div class=\"elementor-element elementor-element-8cc74c5 sc_fly_static elementor-widget elementor-widget-html\" data-id=\"8cc74c5\" data-element_type=\"widget\" data-widget_type=\"html.default\">\n\t\t\t\t<div class=\"elementor-widget-container\">\n\t\t\t<!-- Calendly inline widget begin -->\r\n<div class=\"calendly-inline-widget\" data-url=\"https:\/\/calendly.com\/aliyev-clinic-appointment\/15min?hide_gdpr_banner=1&primary_color=a17e66\" style=\"min-width:320px;height:700px;\"><\/div>\r\n<script type=\"text\/javascript\" src=\"https:\/\/assets.calendly.com\/assets\/external\/widget.js\" async><\/script>\r\n<!-- Calendly inline widget end -->\t\t<\/div>\n\t\t\t\t<\/div>\n\t\t\t\t\t<\/div>\n\t\t<\/div>\n\t\t\t\t\t\t\t<\/div>\n\t\t<\/section>\n\t\t\t\t<section class=\"elementor-section elementor-top-section elementor-element elementor-element-6a3c169 elementor-section-boxed elementor-section-height-default elementor-section-height-default sc_fly_static\" data-id=\"6a3c169\" data-element_type=\"section\">\n\t\t\t\t\t\t<div class=\"elementor-container elementor-column-gap-default\">\n\t\t\t\t\t<div class=\"elementor-column elementor-col-100 elementor-top-column elementor-element elementor-element-c618469 sc_layouts_column_align_center sc_layouts_column sc_content_align_center sc_inner_width_none sc_layouts_column_icons_position_left sc_fly_static\" data-id=\"c618469\" data-element_type=\"column\">\n\t\t\t<div class=\"elementor-widget-wrap elementor-element-populated\">\n\t\t\t\t\t\t\t\t<div class=\"elementor-element elementor-element-d792bd8 sc_fly_static elementor-widget elementor-widget-trx_sc_title\" data-id=\"d792bd8\" data-element_type=\"widget\" data-widget_type=\"trx_sc_title.default\">\n\t\t\t\t<div class=\"elementor-widget-container\">\n\t\t\t<div\t\tclass=\"sc_title sc_title_default\" ><div class=\"sc_item_descr sc_title_descr sc_item_descr_with_custom_color trx_addons_inline_1412083248\"><p>Hinweis: Ihr \u00e4sthetischer Berater kann sich vor der Beratung mit Ihnen in Verbindung setzen, um die Details von Datum und Uhrzeit abzustimmen. Die angegebenen Uhrzeiten im Kalender basieren auf der lokalen Zeit der T\u00fcrkei (GMT+3). Unsere Vorberatungsgespr\u00e4che dauern in der Regel etwa 15 Minuten.<\/p>\n<\/div><\/div>\t\t<\/div>\n\t\t\t\t<\/div>\n\t\t\t\t<div class=\"elementor-element elementor-element-a7641c1 sc_height_huge sc_fly_static elementor-widget elementor-widget-spacer\" data-id=\"a7641c1\" data-element_type=\"widget\" data-widget_type=\"spacer.default\">\n\t\t\t\t<div class=\"elementor-widget-container\">\n\t\t\t\t\t<div class=\"elementor-spacer\">\n\t\t\t<div class=\"elementor-spacer-inner\"><\/div>\n\t\t<\/div>\n\t\t\t\t<\/div>\n\t\t\t\t<\/div>\n\t\t\t\t\t<\/div>\n\t\t<\/div>\n\t\t\t\t\t\t\t<\/div>\n\t\t<\/section>\n\t\t\t\t\t\t\t<\/div>\n\t\t","protected":false},"excerpt":{"rendered":"<p>ONLINE BUCHUNG W\u00e4hlen Sie ein passendes Datum Dr. Aliyevs Berater wird Sie bei dem Vorgespr\u00e4ch kontaktieren, um Ihre Bed\u00fcrfnisse zu verstehen und Ihre Fragen zu beantworten. Im zweiten Treffen werden&hellip;<\/p>\n","protected":false},"author":1,"featured_media":0,"parent":0,"menu_order":0,"comment_status":"closed","ping_status":"closed","template":"","meta":{"footnotes":""},"class_list":["post-27236","page","type-page","status-publish","hentry"],"yoast_head":"<!-- This site is optimized with the Yoast SEO plugin v21.7 - https:\/\/yoast.com\/wordpress\/plugins\/seo\/ -->\n<title>Online-Termin - Aliyev Klinik<\/title>\n<meta name=\"robots\" content=\"index, follow, max-snippet:-1, max-image-preview:large, max-video-preview:-1\" \/>\n<link rel=\"canonical\" href=\"https:\/\/aliyevclinic.com\/de\/online-termin\/\" \/>\n<meta property=\"og:locale\" content=\"de_DE\" \/>\n<meta property=\"og:type\" content=\"article\" \/>\n<meta property=\"og:title\" content=\"Online-Termin - Aliyev Klinik\" \/>\n<meta property=\"og:description\" content=\"ONLINE BUCHUNG W\u00e4hlen Sie ein passendes Datum Dr. Aliyevs Berater wird Sie bei dem Vorgespr\u00e4ch kontaktieren, um Ihre Bed\u00fcrfnisse zu verstehen und Ihre Fragen zu beantworten. Im zweiten Treffen werden&hellip;\" \/>\n<meta property=\"og:url\" content=\"https:\/\/aliyevclinic.com\/de\/online-termin\/\" \/>\n<meta property=\"og:site_name\" content=\"Aliyev Klinik\" \/>\n<meta property=\"article:modified_time\" content=\"2023-10-31T08:14:12+00:00\" \/>\n<meta name=\"twitter:card\" content=\"summary_large_image\" \/>\n<script type=\"application\/ld+json\" class=\"yoast-schema-graph\">{\"@context\":\"https:\/\/schema.org\",\"@graph\":[{\"@type\":\"WebPage\",\"@id\":\"https:\/\/aliyevclinic.com\/de\/online-termin\/\",\"url\":\"https:\/\/aliyevclinic.com\/de\/online-termin\/\",\"name\":\"Online-Termin - Aliyev Klinik\",\"isPartOf\":{\"@id\":\"https:\/\/aliyevclinic.com\/#website\"},\"datePublished\":\"2023-08-22T17:07:45+00:00\",\"dateModified\":\"2023-10-31T08:14:12+00:00\",\"breadcrumb\":{\"@id\":\"https:\/\/aliyevclinic.com\/de\/online-termin\/#breadcrumb\"},\"inLanguage\":\"de-DE\",\"potentialAction\":[{\"@type\":\"ReadAction\",\"target\":[\"https:\/\/aliyevclinic.com\/de\/online-termin\/\"]}]},{\"@type\":\"BreadcrumbList\",\"@id\":\"https:\/\/aliyevclinic.com\/de\/online-termin\/#breadcrumb\",\"itemListElement\":[{\"@type\":\"ListItem\",\"position\":1,\"name\":\"Home\",\"item\":\"https:\/\/aliyevclinic.com\/de\/\"},{\"@type\":\"ListItem\",\"position\":2,\"name\":\"Online-Termin\"}]},{\"@type\":\"WebSite\",\"@id\":\"https:\/\/aliyevclinic.com\/#website\",\"url\":\"https:\/\/aliyevclinic.com\/\",\"name\":\"Aliyev Klinik\",\"description\":\"\u00c4sthetische Klinik - Kunst der \u00c4sthetik\",\"publisher\":{\"@id\":\"https:\/\/aliyevclinic.com\/#organization\"},\"potentialAction\":[{\"@type\":\"SearchAction\",\"target\":{\"@type\":\"EntryPoint\",\"urlTemplate\":\"https:\/\/aliyevclinic.com\/?s={search_term_string}\"},\"query-input\":\"required name=search_term_string\"}],\"inLanguage\":\"de-DE\"},{\"@type\":\"Organization\",\"@id\":\"https:\/\/aliyevclinic.com\/#organization\",\"name\":\"Aliyev Klinik\",\"url\":\"https:\/\/aliyevclinic.com\/\",\"logo\":{\"@type\":\"ImageObject\",\"inLanguage\":\"de-DE\",\"@id\":\"https:\/\/aliyevclinic.com\/#\/schema\/logo\/image\/\",\"url\":\"https:\/\/aliyevclinic.com\/wp-content\/uploads\/2021\/12\/headerlogor1.png\",\"contentUrl\":\"https:\/\/aliyevclinic.com\/wp-content\/uploads\/2021\/12\/headerlogor1.png\",\"width\":223,\"height\":72,\"caption\":\"Aliyev Klinik\"},\"image\":{\"@id\":\"https:\/\/aliyevclinic.com\/#\/schema\/logo\/image\/\"}}]}<\/script>\n<!-- \/ Yoast SEO plugin. -->","yoast_head_json":{"title":"Online-Termin - Aliyev Klinik","robots":{"index":"index","follow":"follow","max-snippet":"max-snippet:-1","max-image-preview":"max-image-preview:large","max-video-preview":"max-video-preview:-1"},"canonical":"https:\/\/aliyevclinic.com\/de\/online-termin\/","og_locale":"de_DE","og_type":"article","og_title":"Online-Termin - Aliyev Klinik","og_description":"ONLINE BUCHUNG W\u00e4hlen Sie ein passendes Datum Dr. Aliyevs Berater wird Sie bei dem Vorgespr\u00e4ch kontaktieren, um Ihre Bed\u00fcrfnisse zu verstehen und Ihre Fragen zu beantworten. Im zweiten Treffen werden&hellip;","og_url":"https:\/\/aliyevclinic.com\/de\/online-termin\/","og_site_name":"Aliyev Klinik","article_modified_time":"2023-10-31T08:14:12+00:00","twitter_card":"summary_large_image","schema":{"@context":"https:\/\/schema.org","@graph":[{"@type":"WebPage","@id":"https:\/\/aliyevclinic.com\/de\/online-termin\/","url":"https:\/\/aliyevclinic.com\/de\/online-termin\/","name":"Online-Termin - Aliyev Klinik","isPartOf":{"@id":"https:\/\/aliyevclinic.com\/#website"},"datePublished":"2023-08-22T17:07:45+00:00","dateModified":"2023-10-31T08:14:12+00:00","breadcrumb":{"@id":"https:\/\/aliyevclinic.com\/de\/online-termin\/#breadcrumb"},"inLanguage":"de-DE","potentialAction":[{"@type":"ReadAction","target":["https:\/\/aliyevclinic.com\/de\/online-termin\/"]}]},{"@type":"BreadcrumbList","@id":"https:\/\/aliyevclinic.com\/de\/online-termin\/#breadcrumb","itemListElement":[{"@type":"ListItem","position":1,"name":"Home","item":"https:\/\/aliyevclinic.com\/de\/"},{"@type":"ListItem","position":2,"name":"Online-Termin"}]},{"@type":"WebSite","@id":"https:\/\/aliyevclinic.com\/#website","url":"https:\/\/aliyevclinic.com\/","name":"Aliyev Klinik","description":"\u00c4sthetische Klinik - Kunst der \u00c4sthetik","publisher":{"@id":"https:\/\/aliyevclinic.com\/#organization"},"potentialAction":[{"@type":"SearchAction","target":{"@type":"EntryPoint","urlTemplate":"https:\/\/aliyevclinic.com\/?s={search_term_string}"},"query-input":"required name=search_term_string"}],"inLanguage":"de-DE"},{"@type":"Organization","@id":"https:\/\/aliyevclinic.com\/#organization","name":"Aliyev Klinik","url":"https:\/\/aliyevclinic.com\/","logo":{"@type":"ImageObject","inLanguage":"de-DE","@id":"https:\/\/aliyevclinic.com\/#\/schema\/logo\/image\/","url":"https:\/\/aliyevclinic.com\/wp-content\/uploads\/2021\/12\/headerlogor1.png","contentUrl":"https:\/\/aliyevclinic.com\/wp-content\/uploads\/2021\/12\/headerlogor1.png","width":223,"height":72,"caption":"Aliyev Klinik"},"image":{"@id":"https:\/\/aliyevclinic.com\/#\/schema\/logo\/image\/"}}]}},"_links":{"self":[{"href":"https:\/\/aliyevclinic.com\/de\/wp-json\/wp\/v2\/pages\/27236"}],"collection":[{"href":"https:\/\/aliyevclinic.com\/de\/wp-json\/wp\/v2\/pages"}],"about":[{"href":"https:\/\/aliyevclinic.com\/de\/wp-json\/wp\/v2\/types\/page"}],"author":[{"embeddable":true,"href":"https:\/\/aliyevclinic.com\/de\/wp-json\/wp\/v2\/users\/1"}],"replies":[{"embeddable":true,"href":"https:\/\/aliyevclinic.com\/de\/wp-json\/wp\/v2\/comments?post=27236"}],"version-history":[{"count":10,"href":"https:\/\/aliyevclinic.com\/de\/wp-json\/wp\/v2\/pages\/27236\/revisions"}],"predecessor-version":[{"id":29360,"href":"https:\/\/aliyevclinic.com\/de\/wp-json\/wp\/v2\/pages\/27236\/revisions\/29360"}],"wp:attachment":[{"href":"https:\/\/aliyevclinic.com\/de\/wp-json\/wp\/v2\/media?parent=27236"}],"curies":[{"name":"wp","href":"https:\/\/api.w.org\/{rel}","templated":true}]}}