{"id":27261,"date":"2023-08-23T13:35:33","date_gmt":"2023-08-23T13:35:33","guid":{"rendered":"http:\/\/aliyevclinic.com\/cookies\/"},"modified":"2023-09-24T09:54:58","modified_gmt":"2023-09-24T09:54:58","slug":"cookies","status":"publish","type":"page","link":"https:\/\/aliyevclinic.com\/de\/cookies\/","title":{"rendered":"Cookies"},"content":{"rendered":"\t\t<div data-elementor-type=\"wp-page\" data-elementor-id=\"27261\" class=\"elementor elementor-27261 elementor-25960\" data-elementor-post-type=\"page\">\n\t\t\t\t\t\t\t\t\t<section class=\"elementor-section elementor-top-section elementor-element elementor-element-b417458 elementor-section-boxed elementor-section-height-default elementor-section-height-default sc_fly_static\" data-id=\"b417458\" data-element_type=\"section\" data-settings=\"{&quot;background_background&quot;:&quot;classic&quot;}\">\n\t\t\t\t\t\t<div class=\"elementor-container elementor-column-gap-extended\">\n\t\t\t\t\t<div class=\"elementor-column elementor-col-100 elementor-top-column elementor-element elementor-element-7a8808d sc_inner_width_none sc_content_align_inherit sc_layouts_column_icons_position_left sc_fly_static\" data-id=\"7a8808d\" data-element_type=\"column\">\n\t\t\t<div class=\"elementor-widget-wrap elementor-element-populated\">\n\t\t\t\t\t\t\t\t<div class=\"elementor-element elementor-element-dd85722 sc_fly_static elementor-widget elementor-widget-text-editor\" data-id=\"dd85722\" data-element_type=\"widget\" data-widget_type=\"text-editor.default\">\n\t\t\t\t<div class=\"elementor-widget-container\">\n\t\t\t\t\t\t\t<p style=\"font-weight: 400;\"><b>Lieber Besucher,<\/b><\/p>\n<p style=\"font-weight: 400;\"><span style=\"font-weight: 400;\">Dieser Text wurde von Dr. Ali Aliyev <\/span><b>dem Datenverantwortlichen<\/b><span style=\"font-weight: 400;\">&nbsp;im Rahmen der Bekanntmachung \u00fcber die Grunds\u00e4tze und Verfahren zur Erf\u00fcllung der Offenlegungspflicht gem\u00e4\u00df Artikel 10 des Gesetzes zum Schutz personenbezogener Daten Nr. 6698 (&#8220;Gesetz&#8221;) erstellt.<\/span><\/p>\n<p style=\"font-weight: 400;\"><span style=\"font-family: Questrial, sans-serif; font-size: 17px; font-style: normal; font-weight: 700; background-color: var(--theme-color-bg_color); color: var(--theme-color-text);\">Dr. Ali Aliyev<\/span><span style=\"font-weight: 400;\">&nbsp;verpflichtet sich, die Vertraulichkeit der von Besuchern erhaltenen Informationen zu sch\u00fctzen, die pers\u00f6nlichen Rechte zu respektieren und im Rahmen dieses &#8220;Hinweistexts zu Cookies&#8221; die Privatsph\u00e4re und Sicherheit der Besucherinformationen in den Vordergrund zu stellen.<\/span><\/p>\n<ol>\n<li style=\"font-weight: 400;\"><b> Was ist ein Cookie?<\/b><\/li>\n<\/ol>\n<p style=\"font-weight: 400;\"><span style=\"font-weight: 400;\">Als&nbsp;<\/span><span style=\"font-family: Questrial, sans-serif; font-size: 17px; font-style: normal; font-weight: 700;\">Aliyev Clinic<\/span><span style=\"font-weight: 400;\">,verwenden wir Cookies und einige andere \u00e4hnliche Technologien (zusammenfassend als &#8220;Cookies&#8221; bezeichnet), um Ihnen eine effiziente Nutzung unserer Website zu erm\u00f6glichen und Ihr Benutzererlebnis zu verbessern.<\/span><\/p>\n<p style=\"font-weight: 400;\"><span style=\"font-weight: 400;\">Cookies sind kleine Textdateien, die von Ihrem Browser auf Ihrem Computer oder einem anderen elektronischen Ger\u00e4t gespeichert werden und in der Regel dazu dienen, statistische Informationen zu sammeln und Nutzungs trends oder den Zugriff auf eine Webadresse zu analysieren. In einer anderen Definition handelt es sich bei Cookies um Textformate im Rich-Text-Format mit geringer Gr\u00f6\u00dfe, die es erm\u00f6glichen, bestimmte Informationen \u00fcber Benutzer auf deren Endger\u00e4ten zu speichern, wenn eine Webseite besucht wird.<\/span><\/p>\n<p style=\"font-weight: 400;\"><span style=\"font-weight: 400;\">Cookies k\u00f6nnen nicht verwendet werden, um Programme auszuf\u00fchren oder Viren auf Ihren Computer zu verteilen. Cookies werden verwendet, um Informationen wie IP-Adressen, Betriebssystemtyp, Browsertyp, Browsersprache, Suchverlauf und Benutzerklicks zu sammeln.<\/span><\/p>\n<ol start=\"2\">\n<li style=\"font-weight: 400;\"><b> Arten von Cookies und Verwendungszwecke<\/b><\/li>\n<\/ol>\n<p style=\"font-weight: 400;\"><b>2.1. Sitzungscookies:<\/b><span style=\"font-weight: 400;\"> Sitzungscookies, auch tempor\u00e4re Cookies genannt, werden verwendet, um die Kontinuit\u00e4t der Sitzung sicherzustellen. Sitzungscookies sind tempor\u00e4re Cookies, die w\u00e4hrend des Besuchs von Besuchern auf der Website verwendet werden und nach dem Schlie\u00dfen des Browsers ablaufen. Der Hauptzweck der Verwendung solcher Cookies besteht darin, sicherzustellen, dass die Website w\u00e4hrend Ihres Besuchs ordnungsgem\u00e4\u00df funktioniert.<\/span><\/p>\n<p style=\"font-weight: 400;\"><b>2.2. Dauerhafte Cookies:<\/b><span style=\"font-weight: 400;\"> Dauerhafte Cookies sind Arten von Cookies, die verwendet werden, um die Funktionalit\u00e4t der Website zu erh\u00f6hen und einen schnelleren und besseren Service zu bieten. Solche Cookies werden verwendet, um die Vorlieben der Besucher zu speichern und werden \u00fcber Browser auf den Ger\u00e4ten der Besucher gespeichert und bleiben bis zu einem bestimmten Datum bestehen oder werden vom Benutzer gel\u00f6scht.<\/span><\/p>\n<p style=\"font-weight: 400;\"><b>2.3. Unbedingt erforderliche Cookies (Pflicht-Cookies):<\/b><span style=\"font-weight: 400;\"> Diese Cookies sind notwendig, damit unsere Website ordnungsgem\u00e4\u00df funktioniert und Sie von ihren Funktionen und Diensten profitieren k\u00f6nnen. Diese Cookies dienen Zwecken wie Sicherheit und Authentifizierung. Sie werden nicht f\u00fcr Marketingzwecke verwendet und identifizieren nicht Ihre Identit\u00e4t. Diese Cookies sind erforderlich, um einen von Ihnen angeforderten Informationsdienst der Informationsgesellschaft zu erf\u00fcllen (z. B. Anmelden, Formulare ausf\u00fcllen, Datenschutzeinstellungen merken). Die Deaktivierung dieser Cookies kann dazu f\u00fchren, dass alle oder einige der Dienste und Funktionen nicht verf\u00fcgbar sind.<\/span><\/p>\n<p style=\"font-weight: 400;\"><b>2.4. Erstanbieter-Cookies:<\/b><span style=\"font-weight: 400;\"> Erstanbieter-Cookies werden direkt von der besuchten Website auf den Ger\u00e4ten der Besucher platziert. Erstanbieter-Cookies werden von der Website definiert, die Sie besuchen, und k\u00f6nnen nur von dieser Website gelesen werden.<\/span><\/p>\n<p style=\"font-weight: 400;\"><b>2.5. Drittanbieter-Cookies:<\/b><span style=\"font-weight: 400;\"> Drittanbieter-Cookies werden von anderen Organisationen definiert, die f\u00fcr verschiedene Dienste verwendet werden.<\/span><\/p>\n<ol start=\"3\">\n<li style=\"font-weight: 400;\"><b> Welche Cookies verwenden wir und wie lange behalten wir sie?<\/b><\/li>\n<\/ol>\n<table>\n<tbody>\n<tr>\n<td>\n<p style=\"font-style: inherit; font-weight: inherit;\"><b>Name des Cookies<\/b><\/p>\n<\/td>\n<td>\n<p style=\"font-style: inherit; font-weight: inherit;\"><b>Zweck des Cookies<\/b><\/p>\n<\/td>\n<td>\n<p style=\"font-style: inherit; font-weight: inherit;\"><b>Der Typ des Cookies<\/b><\/p>\n<\/td>\n<td>\n<p style=\"font-style: inherit; font-weight: inherit;\"><b>&nbsp;<\/b><\/p>\n<p style=\"font-style: inherit; font-weight: inherit;\"><b>Speicherzeit<\/b><\/p>\n<\/td>\n<\/tr>\n<tr>\n<td>\n<p style=\"font-style: inherit; font-weight: inherit;\"><span style=\"font-weight: 400;\">Cookie1a<\/span><\/p>\n<\/td>\n<td>\n<p style=\"font-style: inherit; font-weight: inherit;\"><span style=\"font-weight: 400;\">Dies sind Cookies, die f\u00fcr den Betrieb unserer Website erforderlich sind und die dazu verwendet werden, einen Informationsgesellschaftsdienst (Anmeldung), den Sie angefordert haben, zu erf\u00fcllen. Sie werden aktiv platziert, wenn die Seite betreten wird.<\/span><\/p>\n<\/td>\n<td>\n<p style=\"font-style: inherit; font-weight: inherit;\"><span style=\"font-weight: 400;\">First-Party-Cookie<\/span><\/p>\n<\/td>\n<td>\n<p style=\"font-style: inherit; font-weight: inherit;\"><span style=\"font-weight: 400;\">Sie werden f\u00fcr die Dauer der Sitzung gespeichert.<\/span><\/p>\n<\/td>\n<\/tr>\n<tr>\n<td>\n<p style=\"font-style: inherit; font-weight: inherit;\"><span style=\"background-color: var(--theme-color-bg_color); color: var(--theme-color-text); font-size: 16px;\">Cookie<\/span><span style=\"font-weight: 400;\">1b<\/span><\/p>\n<\/td>\n<td>\n<p style=\"font-style: inherit; font-weight: inherit;\"><span style=\"font-weight: 400;\">Diese Cookies sind notwendig f\u00fcr den Betrieb der Website und werden verwendet, um einen Informationsdienst der Informationsgesellschaft (Formularausf\u00fcllung), den Sie angefordert haben, zu erf\u00fcllen. Sie werden aktiv platziert, wenn die Seite betreten wird.<\/span><\/p>\n<\/td>\n<td>\n<p style=\"font-style: inherit; font-weight: inherit;\"><span style=\"font-weight: 400;\">First-Party-Cookie<\/span><\/p>\n<\/td>\n<td>\n<p style=\"font-style: inherit; font-weight: inherit;\"><span style=\"font-weight: 400;\">Sie werden f\u00fcr die Dauer der Sitzung gespeichert.<\/span><\/p>\n<\/td>\n<\/tr>\n<tr>\n<td>\n<p style=\"font-style: inherit; font-weight: inherit;\"><span style=\"background-color: var(--theme-color-alter_bg_color); color: var(--theme-color-text); font-size: 16px;\">Cookie<\/span><span style=\"font-weight: 400;\">1c<\/span><\/p>\n<\/td>\n<td>\n<p style=\"font-style: inherit; font-weight: inherit;\"><span style=\"font-weight: 400;\">Diese Cookies sind notwendig f\u00fcr den Betrieb unserer Website und werden als zwingend erforderlich verwendet, um einen Informationsdienst der Informationsgesellschaft (Erinnerung an Datenschutzeinstellungen), den Sie angefordert haben, zu erf\u00fcllen. Sie werden aktiv platziert, wenn die Seite betreten wird.<\/span><\/p>\n<\/td>\n<td>\n<p style=\"font-style: inherit; font-weight: inherit;\"><span style=\"font-weight: 400;\">First-Party-Cookie<\/span><\/p>\n<\/td>\n<td>\n<p style=\"font-style: inherit; font-weight: inherit;\"><span style=\"font-weight: 400;\">Es wird f\u00fcr 180 Tage gespeichert.<\/span><\/p>\n<\/td>\n<\/tr>\n<tr>\n<td>\n<p style=\"font-style: inherit; font-weight: inherit;\"><span style=\"background-color: var(--theme-color-bg_color); color: var(--theme-color-text); font-size: 16px;\">Cookie<\/span><span style=\"font-weight: 400;\">-3<\/span><\/p>\n<\/td>\n<td>\n<p style=\"font-style: inherit; font-weight: inherit;\"><span style=\"font-weight: 400;\">Diese Cookies sind Cookies unserer Werbepartner, die \u00fcber unsere Website platziert werden, und es handelt sich um Cookies von Drittanbietern. Diese Cookies werden von unseren Gesch\u00e4ftspartnern verwendet, um Ihre Interessen zu profilieren und Ihnen relevante Werbeanzeigen zu zeigen.<\/span><\/p>\n<\/td>\n<td>\n<p style=\"font-style: inherit; font-weight: inherit;\"><span style=\"font-weight: 400;\">Drittanbieter-Cookie<\/span><\/p>\n<\/td>\n<td>\n<p style=\"font-style: inherit; font-weight: inherit;\"><span style=\"font-weight: 400;\">Es wird f\u00fcr 365 Tage gespeichert.<\/span><\/p>\n<\/td>\n<\/tr>\n<tr>\n<td>\n<p style=\"font-style: inherit; font-weight: inherit;\"><span style=\"background-color: var(--theme-color-alter_bg_color); color: var(--theme-color-text); font-size: 16px;\">Cookie<\/span><span style=\"font-weight: 400;\">-4<\/span><\/p>\n<\/td>\n<td>\n<p style=\"font-style: inherit; font-weight: inherit;\"><span style=\"font-weight: 400;\">Diese Cookies werden verwendet, um unsere Website funktionaler zu gestalten und sie zu personalisieren (mit Ausnahme Ihrer Datenschutzeinstellungen, um sicherzustellen, dass Ihre anderen Pr\u00e4ferenzen beim erneuten Betreten der Website gespeichert werden).<\/span><\/p>\n<\/td>\n<td>\n<p style=\"font-style: inherit; font-weight: inherit;\"><span style=\"font-weight: 400;\">First-Party-Cookie<\/span><\/p>\n<\/td>\n<td>\n<p style=\"font-style: inherit; font-weight: inherit;\"><span style=\"font-weight: 400;\">Es wird f\u00fcr 90 Tage gespeichert.<\/span><\/p>\n<\/td>\n<\/tr>\n<\/tbody>\n<\/table>\n<ol start=\"4\">\n<li style=\"font-weight: 400;\"><b> \u00dcbertragung Ihrer pers\u00f6nlichen Daten<\/b><\/li>\n<\/ol>\n<p style=\"font-weight: 400;\"><span style=\"font-weight: 400;\">Ihre pers\u00f6nlichen Daten k\u00f6nnen gem\u00e4\u00df den oben genannten Zwecken mit relevanten Drittinstitutionen und -organisationen wie unseren Gesch\u00e4ftspartnern, Leistungsassistenten, Lieferanten, autorisierten \u00f6ffentlichen Institutionen und Organisationen, mit Ihrer ausdr\u00fccklichen Einwilligung oder nach Artikel 5\/2 des Gesetzes in anderen F\u00e4llen im Rahmen der in den Artikeln 8 und 9 des Gesetzes festgelegten Bedingungen und Zwecke zur Verarbeitung von personenbezogenen Daten geteilt werden.<\/span><\/p>\n<ol start=\"5\">\n<li style=\"font-weight: 400;\"><b> \u00dcbertragung Ihrer pers\u00f6nlichen Daten ins Ausland&nbsp;<\/b><\/li>\n<\/ol>\n<p style=\"font-weight: 400;\"><span style=\"font-weight: 400;\">Ihre pers\u00f6nlichen Daten k\u00f6nnen an unsere Dienstleister weitergegeben und\/oder \u00fcbertragen werden, in Regionen, in denen Datenschutzgesetze m\u00f6glicherweise nicht ausreichend sch\u00fctzend sind. Dies gilt nur f\u00fcr F\u00e4lle, in denen die Erbringung der Dienstleistungen f\u00fcr Sie obligatorisch ist. Es gibt spezifische Verpflichtungen gem\u00e4\u00df Abschnitt V der GDPR (die wir einhalten werden), um solche Daten\u00fcbertragungen zu regeln und sicherzustellen, dass angemessene Sicherheitsma\u00dfnahmen vorhanden sind, um die Datenintegrit\u00e4t im Falle einer \u00dcbertragung zu sch\u00fctzen und aufrechtzuerhalten.<\/span><\/p>\n<p style=\"font-weight: 400;\"><span style=\"font-weight: 400;\">F\u00fcr weitere Informationen kontaktieren Sie uns bitte unter kvkk@aliyevclinic.com&nbsp;<\/span><\/p>\n<ol start=\"6\">\n<li style=\"font-weight: 400;\"><b> \u00c4nderung des Zwecks<\/b><\/li>\n<\/ol>\n<p style=\"font-weight: 400;\"><span style=\"font-weight: 400;\">Ihre personenbezogenen Daten werden nur f\u00fcr die Zwecke verwendet, f\u00fcr die sie von uns erhoben wurden. Wenn es jedoch f\u00fcr einen anderen Zweck verwendet werden muss und dieser Zweck f\u00fcr den urspr\u00fcnglichen Zweck geeignet ist, k\u00f6nnen wir Ihre personenbezogenen Daten auch f\u00fcr diese neuen Zwecke verwenden. Kontaktieren Sie uns bitte<\/span><span style=\"font-family: Questrial, sans-serif; font-size: 17px; font-style: normal; font-weight: 400;\">kvkk@aliyevclinic.com&nbsp;<\/span><span style=\"font-weight: 400;\">&nbsp;Wenn Sie eine Erkl\u00e4rung w\u00fcnschen, wie die Verarbeitung des neuen Zwecks mit dem urspr\u00fcnglichen Zweck vereinbar ist, kontaktieren Sie uns bitte. Wenn wir Ihre pers\u00f6nlichen Daten f\u00fcr einen nicht im Zusammenhang stehenden Zweck verwenden m\u00fcssen, werden wir Sie dar\u00fcber informieren und die rechtliche Grundlage erl\u00e4utern, die es uns erm\u00f6glicht, dies zu tun. Wir m\u00f6chten darauf hinweisen, dass wir Ihre pers\u00f6nlichen Daten gem\u00e4\u00df diesem Erl\u00e4uterungstext ohne Ihr Wissen und Ihre Zustimmung verarbeiten k\u00f6nnen, wenn dies gem\u00e4\u00df der Gesetzgebung erforderlich und zul\u00e4ssig ist.<\/span><\/p>\n<ol start=\"7\">\n<li style=\"font-weight: 400;\"><b> Wie deaktiviert man Cookies und \u00e4ndert Cookie-Einstellungen?<\/b><\/li>\n<\/ol>\n<p style=\"font-weight: 400;\"><span style=\"font-weight: 400;\">Microsoft Internet Explorer:&nbsp;<\/span><a href=\"https:\/\/support.microsoft.com\/enus\/kb\/278835\/it\"><span style=\"font-weight: 400;\">https:\/\/support.microsoft.com\/enus\/kb\/278835\/it<\/span><\/a><\/p>\n<p style=\"font-weight: 400;\"><span style=\"font-weight: 400;\"><br><\/span><span style=\"font-weight: 400;\">Google Chrome:&nbsp;<\/span><a href=\"https:\/\/support.google.com\/accounts\/answer\/61416?hl=tr\"><span style=\"font-weight: 400;\">https:\/\/support.google.com\/accounts\/answer\/61416?hl=tr<\/span><\/a><\/p>\n<p style=\"font-weight: 400;\"><span style=\"font-weight: 400;\"><br><\/span><span style=\"font-weight: 400;\">Mozilla Firefox:&nbsp;<\/span><a href=\"https:\/\/support.mozilla.org\/it\/kb\/Eliminare%20i%20cookie\"><span style=\"font-weight: 400;\">https:\/\/support.mozilla.org\/it\/kb\/Eliminare%20i%20cookie<\/span><\/a><\/p>\n<p style=\"font-weight: 400;\"><span style=\"font-weight: 400;\"><br><\/span><span style=\"font-weight: 400;\">Apple Safari:&nbsp;<\/span><a href=\"https:\/\/support.apple.com\/it-it\/HT201265\"><span style=\"font-weight: 400;\">https:\/\/support.apple.com\/it-it\/HT201265<\/span><\/a><\/p>\n<p style=\"font-weight: 400;\"><span style=\"font-weight: 400;\"><br><\/span><span style=\"font-weight: 400;\">Opera:&nbsp;<\/span><a href=\"https:\/\/help.opera.com\/en\/latest\/web-preferences\"><span style=\"font-weight: 400;\">https:\/\/help.opera.com\/en\/latest\/web-preferences<\/span><\/a><\/p>\n<p style=\"font-weight: 400;\"><span style=\"font-weight: 400;\">Sie k\u00f6nnen Ihre Anfragen und Beschwerden bez\u00fcglich Ihrer pers\u00f6nlichen Daten gem\u00e4\u00df Artikel 13 des KVKK und Artikel 5 des Kommuniqu\u00e9 \u00fcber Anwendungsverfahren und -prinzipien beim Datenschutzbeauftragten, ver\u00f6ffentlicht im Amtsblatt Nr. 30356 und vom 10.03.2018, einreichen, indem Sie die Sie identifizierenden Informationen verwenden. Sie k\u00f6nnen es auch an unser B\u00fcro, das der Datenverantwortliche ist, senden unter:<\/span><span style=\"font-family: Questrial, sans-serif; font-size: 17px; font-style: normal; font-weight: 400;\">kvkk@aliyevclinic.com<\/span><span style=\"font-weight: 400;\">&nbsp;<\/span><\/p>\n<p style=\"font-weight: 400;\"><span style=\"font-weight: 400;\">Sie k\u00f6nnen Ihre schriftlichen Anfragen auch an folgende Adresse senden: &nbsp; Feneryolu District, Bagdat Street No:71\/B Zip: 637424 Kadikoy, Istanbul, Turkey address. Wenn Sie als Eigent\u00fcmer von pers\u00f6nlichen Daten Ihre Anfragen bez\u00fcglich Ihrer Rechte gem\u00e4\u00df den oben in diesem Aufkl\u00e4rungstext festgelegten Methoden an die Aliyev Clinic richten, wird die Aliyev Clinic je nach Art der Anfrage die Anfrage innerhalb von h\u00f6chstens drei\u00dfig Tagen kostenlos bearbeiten. Wenn jedoch vom Personal Data Protection Board eine Geb\u00fchr festgelegt wurde, wird eine Geb\u00fchr erhoben.<\/span><\/p>\n<p style=\"font-weight: 400;\"><span style=\"font-weight: 400;\">Dieser Aufkl\u00e4rungstext wurde am 16.03.2023 aktualisiert. Im Falle von \u00c4nderungen werden das Wirksamkeitsdatum und der Inhalt aktualisiert.<\/span><\/p>\t\t\t\t\t\t<\/div>\n\t\t\t\t<\/div>\n\t\t\t\t\t<\/div>\n\t\t<\/div>\n\t\t\t\t\t\t\t<\/div>\n\t\t<\/section>\n\t\t\t\t\t\t\t<\/div>\n\t\t","protected":false},"excerpt":{"rendered":"<p>Lieber Besucher, Dieser Text wurde von Dr. Ali Aliyev dem Datenverantwortlichen&nbsp;im Rahmen der Bekanntmachung \u00fcber die Grunds\u00e4tze und Verfahren zur Erf\u00fcllung der Offenlegungspflicht gem\u00e4\u00df Artikel 10 des Gesetzes zum Schutz&hellip;<\/p>\n","protected":false},"author":1,"featured_media":0,"parent":0,"menu_order":0,"comment_status":"closed","ping_status":"closed","template":"","meta":{"footnotes":""},"class_list":["post-27261","page","type-page","status-publish","hentry"],"yoast_head":"<!-- This site is optimized with the Yoast SEO plugin v21.7 - https:\/\/yoast.com\/wordpress\/plugins\/seo\/ -->\n<title>Cookies - Aliyev Klinik<\/title>\n<meta name=\"robots\" content=\"index, follow, max-snippet:-1, max-image-preview:large, max-video-preview:-1\" \/>\n<link rel=\"canonical\" href=\"https:\/\/aliyevclinic.com\/de\/cookies\/\" \/>\n<meta property=\"og:locale\" content=\"de_DE\" \/>\n<meta property=\"og:type\" content=\"article\" \/>\n<meta property=\"og:title\" content=\"Cookies - Aliyev Klinik\" \/>\n<meta property=\"og:description\" content=\"Lieber Besucher, Dieser Text wurde von Dr. Ali Aliyev dem Datenverantwortlichen&nbsp;im Rahmen der Bekanntmachung \u00fcber die Grunds\u00e4tze und Verfahren zur Erf\u00fcllung der Offenlegungspflicht gem\u00e4\u00df Artikel 10 des Gesetzes zum Schutz&hellip;\" \/>\n<meta property=\"og:url\" content=\"https:\/\/aliyevclinic.com\/de\/cookies\/\" \/>\n<meta property=\"og:site_name\" content=\"Aliyev Klinik\" \/>\n<meta property=\"article:modified_time\" content=\"2023-09-24T09:54:58+00:00\" \/>\n<meta name=\"twitter:card\" content=\"summary_large_image\" \/>\n<meta name=\"twitter:label1\" content=\"Gesch\u00e4tzte Lesezeit\" \/>\n\t<meta name=\"twitter:data1\" content=\"6 Minuten\" \/>\n<script type=\"application\/ld+json\" class=\"yoast-schema-graph\">{\"@context\":\"https:\/\/schema.org\",\"@graph\":[{\"@type\":\"WebPage\",\"@id\":\"https:\/\/aliyevclinic.com\/de\/cookies\/\",\"url\":\"https:\/\/aliyevclinic.com\/de\/cookies\/\",\"name\":\"Cookies - Aliyev Klinik\",\"isPartOf\":{\"@id\":\"https:\/\/aliyevclinic.com\/#website\"},\"datePublished\":\"2023-08-23T13:35:33+00:00\",\"dateModified\":\"2023-09-24T09:54:58+00:00\",\"breadcrumb\":{\"@id\":\"https:\/\/aliyevclinic.com\/de\/cookies\/#breadcrumb\"},\"inLanguage\":\"de-DE\",\"potentialAction\":[{\"@type\":\"ReadAction\",\"target\":[\"https:\/\/aliyevclinic.com\/de\/cookies\/\"]}]},{\"@type\":\"BreadcrumbList\",\"@id\":\"https:\/\/aliyevclinic.com\/de\/cookies\/#breadcrumb\",\"itemListElement\":[{\"@type\":\"ListItem\",\"position\":1,\"name\":\"Home\",\"item\":\"https:\/\/aliyevclinic.com\/de\/\"},{\"@type\":\"ListItem\",\"position\":2,\"name\":\"Cookies\"}]},{\"@type\":\"WebSite\",\"@id\":\"https:\/\/aliyevclinic.com\/#website\",\"url\":\"https:\/\/aliyevclinic.com\/\",\"name\":\"Aliyev Klinik\",\"description\":\"\u00c4sthetische Klinik - Kunst der \u00c4sthetik\",\"publisher\":{\"@id\":\"https:\/\/aliyevclinic.com\/#organization\"},\"potentialAction\":[{\"@type\":\"SearchAction\",\"target\":{\"@type\":\"EntryPoint\",\"urlTemplate\":\"https:\/\/aliyevclinic.com\/?s={search_term_string}\"},\"query-input\":\"required name=search_term_string\"}],\"inLanguage\":\"de-DE\"},{\"@type\":\"Organization\",\"@id\":\"https:\/\/aliyevclinic.com\/#organization\",\"name\":\"Aliyev Klinik\",\"url\":\"https:\/\/aliyevclinic.com\/\",\"logo\":{\"@type\":\"ImageObject\",\"inLanguage\":\"de-DE\",\"@id\":\"https:\/\/aliyevclinic.com\/#\/schema\/logo\/image\/\",\"url\":\"https:\/\/aliyevclinic.com\/wp-content\/uploads\/2021\/12\/headerlogor1.png\",\"contentUrl\":\"https:\/\/aliyevclinic.com\/wp-content\/uploads\/2021\/12\/headerlogor1.png\",\"width\":223,\"height\":72,\"caption\":\"Aliyev Klinik\"},\"image\":{\"@id\":\"https:\/\/aliyevclinic.com\/#\/schema\/logo\/image\/\"}}]}<\/script>\n<!-- \/ Yoast SEO plugin. -->","yoast_head_json":{"title":"Cookies - Aliyev Klinik","robots":{"index":"index","follow":"follow","max-snippet":"max-snippet:-1","max-image-preview":"max-image-preview:large","max-video-preview":"max-video-preview:-1"},"canonical":"https:\/\/aliyevclinic.com\/de\/cookies\/","og_locale":"de_DE","og_type":"article","og_title":"Cookies - Aliyev Klinik","og_description":"Lieber Besucher, Dieser Text wurde von Dr. Ali Aliyev dem Datenverantwortlichen&nbsp;im Rahmen der Bekanntmachung \u00fcber die Grunds\u00e4tze und Verfahren zur Erf\u00fcllung der Offenlegungspflicht gem\u00e4\u00df Artikel 10 des Gesetzes zum Schutz&hellip;","og_url":"https:\/\/aliyevclinic.com\/de\/cookies\/","og_site_name":"Aliyev Klinik","article_modified_time":"2023-09-24T09:54:58+00:00","twitter_card":"summary_large_image","twitter_misc":{"Gesch\u00e4tzte Lesezeit":"6 Minuten"},"schema":{"@context":"https:\/\/schema.org","@graph":[{"@type":"WebPage","@id":"https:\/\/aliyevclinic.com\/de\/cookies\/","url":"https:\/\/aliyevclinic.com\/de\/cookies\/","name":"Cookies - Aliyev Klinik","isPartOf":{"@id":"https:\/\/aliyevclinic.com\/#website"},"datePublished":"2023-08-23T13:35:33+00:00","dateModified":"2023-09-24T09:54:58+00:00","breadcrumb":{"@id":"https:\/\/aliyevclinic.com\/de\/cookies\/#breadcrumb"},"inLanguage":"de-DE","potentialAction":[{"@type":"ReadAction","target":["https:\/\/aliyevclinic.com\/de\/cookies\/"]}]},{"@type":"BreadcrumbList","@id":"https:\/\/aliyevclinic.com\/de\/cookies\/#breadcrumb","itemListElement":[{"@type":"ListItem","position":1,"name":"Home","item":"https:\/\/aliyevclinic.com\/de\/"},{"@type":"ListItem","position":2,"name":"Cookies"}]},{"@type":"WebSite","@id":"https:\/\/aliyevclinic.com\/#website","url":"https:\/\/aliyevclinic.com\/","name":"Aliyev Klinik","description":"\u00c4sthetische Klinik - Kunst der \u00c4sthetik","publisher":{"@id":"https:\/\/aliyevclinic.com\/#organization"},"potentialAction":[{"@type":"SearchAction","target":{"@type":"EntryPoint","urlTemplate":"https:\/\/aliyevclinic.com\/?s={search_term_string}"},"query-input":"required name=search_term_string"}],"inLanguage":"de-DE"},{"@type":"Organization","@id":"https:\/\/aliyevclinic.com\/#organization","name":"Aliyev Klinik","url":"https:\/\/aliyevclinic.com\/","logo":{"@type":"ImageObject","inLanguage":"de-DE","@id":"https:\/\/aliyevclinic.com\/#\/schema\/logo\/image\/","url":"https:\/\/aliyevclinic.com\/wp-content\/uploads\/2021\/12\/headerlogor1.png","contentUrl":"https:\/\/aliyevclinic.com\/wp-content\/uploads\/2021\/12\/headerlogor1.png","width":223,"height":72,"caption":"Aliyev Klinik"},"image":{"@id":"https:\/\/aliyevclinic.com\/#\/schema\/logo\/image\/"}}]}},"_links":{"self":[{"href":"https:\/\/aliyevclinic.com\/de\/wp-json\/wp\/v2\/pages\/27261"}],"collection":[{"href":"https:\/\/aliyevclinic.com\/de\/wp-json\/wp\/v2\/pages"}],"about":[{"href":"https:\/\/aliyevclinic.com\/de\/wp-json\/wp\/v2\/types\/page"}],"author":[{"embeddable":true,"href":"https:\/\/aliyevclinic.com\/de\/wp-json\/wp\/v2\/users\/1"}],"replies":[{"embeddable":true,"href":"https:\/\/aliyevclinic.com\/de\/wp-json\/wp\/v2\/comments?post=27261"}],"version-history":[{"count":4,"href":"https:\/\/aliyevclinic.com\/de\/wp-json\/wp\/v2\/pages\/27261\/revisions"}],"predecessor-version":[{"id":27266,"href":"https:\/\/aliyevclinic.com\/de\/wp-json\/wp\/v2\/pages\/27261\/revisions\/27266"}],"wp:attachment":[{"href":"https:\/\/aliyevclinic.com\/de\/wp-json\/wp\/v2\/media?parent=27261"}],"curies":[{"name":"wp","href":"https:\/\/api.w.org\/{rel}","templated":true}]}}