{"id":27208,"date":"2021-12-03T15:39:36","date_gmt":"2021-12-03T15:39:36","guid":{"rendered":"http:\/\/aliyevclinic.com\/sss\/"},"modified":"2023-09-27T15:19:34","modified_gmt":"2023-09-27T15:19:34","slug":"sss","status":"publish","type":"page","link":"https:\/\/aliyevclinic.com\/tr\/sss\/","title":{"rendered":"SSS"},"content":{"rendered":"\t\t<div data-elementor-type=\"wp-page\" data-elementor-id=\"27208\" class=\"elementor elementor-27208 elementor-18583\" data-elementor-post-type=\"page\">\n\t\t\t\t\t\t\t\t\t<section class=\"elementor-section elementor-top-section elementor-element elementor-element-4c23b861 elementor-section-boxed elementor-section-height-default elementor-section-height-default sc_fly_static\" data-id=\"4c23b861\" data-element_type=\"section\">\n\t\t\t\t\t\t<div class=\"elementor-container elementor-column-gap-extended\">\n\t\t\t\t\t<div class=\"elementor-column elementor-col-100 elementor-top-column elementor-element elementor-element-34044f2d sc_inner_width_none sc_content_align_inherit sc_layouts_column_icons_position_left sc_fly_static\" data-id=\"34044f2d\" data-element_type=\"column\">\n\t\t\t<div class=\"elementor-widget-wrap elementor-element-populated\">\n\t\t\t\t\t\t\t\t<div class=\"elementor-element elementor-element-c4122e5 sc_height_huge sc_fly_static elementor-widget elementor-widget-spacer\" data-id=\"c4122e5\" data-element_type=\"widget\" data-widget_type=\"spacer.default\">\n\t\t\t\t<div class=\"elementor-widget-container\">\n\t\t\t\t\t<div class=\"elementor-spacer\">\n\t\t\t<div class=\"elementor-spacer-inner\"><\/div>\n\t\t<\/div>\n\t\t\t\t<\/div>\n\t\t\t\t<\/div>\n\t\t\t\t\t<\/div>\n\t\t<\/div>\n\t\t\t\t\t\t\t<\/div>\n\t\t<\/section>\n\t\t\t\t<section class=\"elementor-section elementor-top-section elementor-element elementor-element-7a1b457 elementor-section-boxed elementor-section-height-default elementor-section-height-default sc_fly_static\" data-id=\"7a1b457\" data-element_type=\"section\">\n\t\t\t\t\t\t<div class=\"elementor-container elementor-column-gap-extended\">\n\t\t\t\t\t<div class=\"elementor-column elementor-col-25 elementor-top-column elementor-element elementor-element-3175fa5 sc_inner_width_none sc_content_align_inherit sc_layouts_column_icons_position_left sc_fly_static\" data-id=\"3175fa5\" data-element_type=\"column\">\n\t\t\t<div class=\"elementor-widget-wrap\">\n\t\t\t\t\t\t\t\t\t<\/div>\n\t\t<\/div>\n\t\t\t\t<div class=\"elementor-column elementor-col-50 elementor-top-column elementor-element elementor-element-542f263 sc_inner_width_none sc_content_align_inherit sc_layouts_column_icons_position_left sc_fly_static\" data-id=\"542f263\" data-element_type=\"column\">\n\t\t\t<div class=\"elementor-widget-wrap elementor-element-populated\">\n\t\t\t\t\t\t\t\t<div class=\"elementor-element elementor-element-deddc77 sc_fly_static elementor-widget elementor-widget-trx_sc_title\" data-id=\"deddc77\" data-element_type=\"widget\" data-widget_type=\"trx_sc_title.default\">\n\t\t\t\t<div class=\"elementor-widget-container\">\n\t\t\t<div\t\tclass=\"sc_title sc_title_shadow\" ><h2 class=\"sc_item_title sc_title_title sc_align_center sc_item_title_style_shadow sc_item_title_tag trx_addons_inline_1971074797\"\n\t\t\t><span class=\"sc_item_title_text\">S\u0131k Sorulan Sorular<\/span><\/h2><\/div>\t\t<\/div>\n\t\t\t\t<\/div>\n\t\t\t\t<div class=\"elementor-element elementor-element-9512883 sc_fly_static elementor-widget elementor-widget-spacer\" data-id=\"9512883\" data-element_type=\"widget\" data-widget_type=\"spacer.default\">\n\t\t\t\t<div class=\"elementor-widget-container\">\n\t\t\t\t\t<div class=\"elementor-spacer\">\n\t\t\t<div class=\"elementor-spacer-inner\"><\/div>\n\t\t<\/div>\n\t\t\t\t<\/div>\n\t\t\t\t<\/div>\n\t\t\t\t<div class=\"elementor-element elementor-element-0676dc9 sc_fly_static elementor-widget elementor-widget-toggle\" data-id=\"0676dc9\" data-element_type=\"widget\" data-widget_type=\"toggle.default\">\n\t\t\t\t<div class=\"elementor-widget-container\">\n\t\t\t\t\t<div class=\"elementor-toggle\">\n\t\t\t\t\t\t\t<div class=\"elementor-toggle-item\">\n\t\t\t\t\t<h5 id=\"elementor-tab-title-6771\" class=\"elementor-tab-title\" data-tab=\"1\" role=\"button\" aria-controls=\"elementor-tab-content-6771\" aria-expanded=\"false\">\n\t\t\t\t\t\t\t\t\t\t\t\t<span class=\"elementor-toggle-icon elementor-toggle-icon-right\" aria-hidden=\"true\">\n\t\t\t\t\t\t\t\t\t\t\t\t\t\t\t<span class=\"elementor-toggle-icon-closed\"><i class=\"fas fa-plus\"><\/i><\/span>\n\t\t\t\t\t\t\t\t<span class=\"elementor-toggle-icon-opened\"><i class=\"elementor-toggle-icon-opened fas fa-minus\"><\/i><\/span>\n\t\t\t\t\t\t\t\t\t\t\t\t\t<\/span>\n\t\t\t\t\t\t\t\t\t\t\t\t<a class=\"elementor-toggle-title\" tabindex=\"0\">Paket hizmetiniz neleri kapsamaktad\u0131r?<\/a>\n\t\t\t\t\t<\/h5>\n\n\t\t\t\t\t<div id=\"elementor-tab-content-6771\" class=\"elementor-tab-content elementor-clearfix\" data-tab=\"1\" role=\"region\" aria-labelledby=\"elementor-tab-title-6771\"><p>Her\u015fey dahil estetik cerrrahi hizmet paketimiz;<\/p>\n<ul>\n<li>Havaliman\u0131ndan otele, otelden klini\u011fe ve hastaneye \u00f6zel ara\u00e7 ile transferinizi,<\/li>\n<li>Kapsaml\u0131 tahlil ve muayene hizmetlerini,<\/li>\n<li>Ameliyat \u00f6ncesi testleri,<\/li>\n<li>5 Y\u0131ld\u0131zl\u0131 otelde konaklaman\u0131z\u0131,<\/li>\n<li>\u0130ngilizce konu\u015fan estetik dan\u0131\u015fman\u0131n\u0131z\u0131,<\/li>\n<li>Estetik cerrahi operasyonu,<\/li>\n<li>Ameliyat sonras\u0131 kontrol ve takip muayenelerini,<\/li>\n<li>Taburcu olman\u0131z i\u00e7in gerekli i\u015flemleri ve havaliman\u0131na transferinizi kapsamaktad\u0131r.<\/li>\n<\/ul>\n<\/div>\n\t\t\t\t<\/div>\n\t\t\t\t\t\t\t<div class=\"elementor-toggle-item\">\n\t\t\t\t\t<h5 id=\"elementor-tab-title-6772\" class=\"elementor-tab-title\" data-tab=\"2\" role=\"button\" aria-controls=\"elementor-tab-content-6772\" aria-expanded=\"false\">\n\t\t\t\t\t\t\t\t\t\t\t\t<span class=\"elementor-toggle-icon elementor-toggle-icon-right\" aria-hidden=\"true\">\n\t\t\t\t\t\t\t\t\t\t\t\t\t\t\t<span class=\"elementor-toggle-icon-closed\"><i class=\"fas fa-plus\"><\/i><\/span>\n\t\t\t\t\t\t\t\t<span class=\"elementor-toggle-icon-opened\"><i class=\"elementor-toggle-icon-opened fas fa-minus\"><\/i><\/span>\n\t\t\t\t\t\t\t\t\t\t\t\t\t<\/span>\n\t\t\t\t\t\t\t\t\t\t\t\t<a class=\"elementor-toggle-title\" tabindex=\"0\">Ameliyat i\u015flemleri nerede ger\u00e7ekle\u015ftiriliyor?<\/a>\n\t\t\t\t\t<\/h5>\n\n\t\t\t\t\t<div id=\"elementor-tab-content-6772\" class=\"elementor-tab-content elementor-clearfix\" data-tab=\"2\" role=\"region\" aria-labelledby=\"elementor-tab-title-6772\"><p>T\u00fcm cerrahi i\u015flemler son teknoloji ekipmanlar ile donat\u0131lm\u0131\u015f donan\u0131ml\u0131 (\u0130stanbul-Anadolu Yakas\u0131&#8217;ndaki) hastanelerde ger\u00e7ekle\u015ftirilmektedir. Ameliyat \u00f6ncesi ve ameliyat sonras\u0131 gerekli t\u00fcm muayeneleri Kad\u0131k\u00f6y \u0130stanbul&#8217;da bulunan \u00f6zel klini\u011fimizde ger\u00e7ekle\u015ftirmekteyiz.<\/p>\n<\/div>\n\t\t\t\t<\/div>\n\t\t\t\t\t\t\t<div class=\"elementor-toggle-item\">\n\t\t\t\t\t<h5 id=\"elementor-tab-title-6773\" class=\"elementor-tab-title\" data-tab=\"3\" role=\"button\" aria-controls=\"elementor-tab-content-6773\" aria-expanded=\"false\">\n\t\t\t\t\t\t\t\t\t\t\t\t<span class=\"elementor-toggle-icon elementor-toggle-icon-right\" aria-hidden=\"true\">\n\t\t\t\t\t\t\t\t\t\t\t\t\t\t\t<span class=\"elementor-toggle-icon-closed\"><i class=\"fas fa-plus\"><\/i><\/span>\n\t\t\t\t\t\t\t\t<span class=\"elementor-toggle-icon-opened\"><i class=\"elementor-toggle-icon-opened fas fa-minus\"><\/i><\/span>\n\t\t\t\t\t\t\t\t\t\t\t\t\t<\/span>\n\t\t\t\t\t\t\t\t\t\t\t\t<a class=\"elementor-toggle-title\" tabindex=\"0\">Ameliyat \u00f6ncesi ve sonras\u0131 dahil olmak \u00fczere \u0130stanbul'da ne kadar s\u00fcre kalmal\u0131y\u0131m?<\/a>\n\t\t\t\t\t<\/h5>\n\n\t\t\t\t\t<div id=\"elementor-tab-content-6773\" class=\"elementor-tab-content elementor-clearfix\" data-tab=\"3\" role=\"region\" aria-labelledby=\"elementor-tab-title-6773\"><p>S\u00fcre yap\u0131lacak olan ameliyat\u0131n t\u00fcr\u00fcne ve detaylar\u0131na g\u00f6re de\u011fi\u015fiklik g\u00f6sterebilmektedir. Genel olarak ameliyattan 1-2 g\u00fcn \u00f6nce \u015fehire gelerek dinlenme, ameliyat sonras\u0131da 7-10 g\u00fcn \u015fehirde konaklama \u00f6n g\u00f6r\u00fclmelidir. Dr. Aliyev ve ekibi yap\u0131lacak operasyonun detaylar\u0131 hakk\u0131nda sizlere kapsaml\u0131 bilgi sa\u011flayacakt\u0131r.<\/p>\n<\/div>\n\t\t\t\t<\/div>\n\t\t\t\t\t\t\t<div class=\"elementor-toggle-item\">\n\t\t\t\t\t<h5 id=\"elementor-tab-title-6774\" class=\"elementor-tab-title\" data-tab=\"4\" role=\"button\" aria-controls=\"elementor-tab-content-6774\" aria-expanded=\"false\">\n\t\t\t\t\t\t\t\t\t\t\t\t<span class=\"elementor-toggle-icon elementor-toggle-icon-right\" aria-hidden=\"true\">\n\t\t\t\t\t\t\t\t\t\t\t\t\t\t\t<span class=\"elementor-toggle-icon-closed\"><i class=\"fas fa-plus\"><\/i><\/span>\n\t\t\t\t\t\t\t\t<span class=\"elementor-toggle-icon-opened\"><i class=\"elementor-toggle-icon-opened fas fa-minus\"><\/i><\/span>\n\t\t\t\t\t\t\t\t\t\t\t\t\t<\/span>\n\t\t\t\t\t\t\t\t\t\t\t\t<a class=\"elementor-toggle-title\" tabindex=\"0\">\u00d6n dan\u0131\u015fmanl\u0131k i\u00e7in klini\u011fi ziyaret etmeli miyim?<\/a>\n\t\t\t\t\t<\/h5>\n\n\t\t\t\t\t<div id=\"elementor-tab-content-6774\" class=\"elementor-tab-content elementor-clearfix\" data-tab=\"4\" role=\"region\" aria-labelledby=\"elementor-tab-title-6774\"><p>\u00d6n dan\u0131\u015fmanl\u0131k ve g\u00f6r\u00fc\u015fmeleri internet ortam\u0131nda canl\u0131 olarak ger\u00e7ekle\u015ftirmekteyiz. Ki\u015finin durumunu daha net anlayabilmek i\u00e7in sizden video veya foto\u011fraf talebinde bulunabiliriz. Bu belgeler gizlilik nedeniyle herhangi bir \u015fekilde kaydedilmemektedir.<\/p>\n<\/div>\n\t\t\t\t<\/div>\n\t\t\t\t\t\t\t\t<\/div>\n\t\t\t\t<\/div>\n\t\t\t\t<\/div>\n\t\t\t\t\t<\/div>\n\t\t<\/div>\n\t\t\t\t<div class=\"elementor-column elementor-col-25 elementor-top-column elementor-element elementor-element-21b0596 sc_inner_width_none sc_content_align_inherit sc_layouts_column_icons_position_left sc_fly_static\" data-id=\"21b0596\" data-element_type=\"column\">\n\t\t\t<div class=\"elementor-widget-wrap\">\n\t\t\t\t\t\t\t\t\t<\/div>\n\t\t<\/div>\n\t\t\t\t\t\t\t<\/div>\n\t\t<\/section>\n\t\t\t\t<section class=\"elementor-section elementor-top-section elementor-element elementor-element-6a3c169 elementor-section-boxed elementor-section-height-default elementor-section-height-default sc_fly_static\" data-id=\"6a3c169\" data-element_type=\"section\">\n\t\t\t\t\t\t<div class=\"elementor-container elementor-column-gap-extended\">\n\t\t\t\t\t<div class=\"elementor-column elementor-col-100 elementor-top-column elementor-element elementor-element-c618469 sc_inner_width_none sc_content_align_inherit sc_layouts_column_icons_position_left sc_fly_static\" data-id=\"c618469\" data-element_type=\"column\">\n\t\t\t<div class=\"elementor-widget-wrap elementor-element-populated\">\n\t\t\t\t\t\t\t\t<div class=\"elementor-element elementor-element-a7641c1 sc_height_huge sc_fly_static elementor-widget elementor-widget-spacer\" data-id=\"a7641c1\" data-element_type=\"widget\" data-widget_type=\"spacer.default\">\n\t\t\t\t<div class=\"elementor-widget-container\">\n\t\t\t\t\t<div class=\"elementor-spacer\">\n\t\t\t<div class=\"elementor-spacer-inner\"><\/div>\n\t\t<\/div>\n\t\t\t\t<\/div>\n\t\t\t\t<\/div>\n\t\t\t\t\t<\/div>\n\t\t<\/div>\n\t\t\t\t\t\t\t<\/div>\n\t\t<\/section>\n\t\t\t\t<section class=\"elementor-section elementor-top-section elementor-element elementor-element-082a754 scheme_dark elementor-section-height-min-height elementor-section-boxed elementor-section-height-default elementor-section-items-middle sc_fly_static\" data-id=\"082a754\" data-element_type=\"section\" data-settings=\"{&quot;background_background&quot;:&quot;classic&quot;}\">\n\t\t\t\t\t\t\t<div class=\"elementor-background-overlay\"><\/div>\n\t\t\t\t\t\t\t<div class=\"elementor-container elementor-column-gap-default\">\n\t\t\t\t\t<div class=\"elementor-column elementor-col-100 elementor-top-column elementor-element elementor-element-853f51d sc_layouts_column_align_right sc_layouts_column sc-mobile_layouts_column_align_left sc_layouts_column sc_inner_width_none sc_content_align_inherit sc_layouts_column_icons_position_left sc_fly_static\" data-id=\"853f51d\" data-element_type=\"column\">\n\t\t\t<div class=\"elementor-widget-wrap elementor-element-populated\">\n\t\t\t\t\t\t\t\t<div class=\"elementor-element elementor-element-e00e87e sc_height_huge sc_layouts_hide_on_tablet sc_layouts_hide_on_mobile sc_fly_static elementor-widget elementor-widget-spacer\" data-id=\"e00e87e\" data-element_type=\"widget\" data-widget_type=\"spacer.default\">\n\t\t\t\t<div class=\"elementor-widget-container\">\n\t\t\t\t\t<div class=\"elementor-spacer\">\n\t\t\t<div class=\"elementor-spacer-inner\"><\/div>\n\t\t<\/div>\n\t\t\t\t<\/div>\n\t\t\t\t<\/div>\n\t\t\t\t<div class=\"elementor-element elementor-element-ae06784 sc_fly_static elementor-widget elementor-widget-trx_sc_title\" data-id=\"ae06784\" data-element_type=\"widget\" data-widget_type=\"trx_sc_title.default\">\n\t\t\t\t<div class=\"elementor-widget-container\">\n\t\t\t<div\t\tclass=\"sc_title sc_title_default\" ><span class=\"sc_item_subtitle sc_title_subtitle sc_align_center sc_item_subtitle_above sc_item_title_style_default sc_item_subtitle_with_custom_color trx_addons_inline_2084513914\">ALIYEV KL\u0130N\u0130K<\/span><h1 class=\"sc_item_title sc_title_title sc_align_center sc_item_title_style_default sc_item_title_tag\"\n\t\t\t><span class=\"sc_item_title_text\">Detayl\u0131 Bilgi \u0130\u00e7in <br> G\u00f6r\u00fc\u015fme Talep Et<\/span><\/h1><\/div>\t\t<\/div>\n\t\t\t\t<\/div>\n\t\t\t\t<div class=\"elementor-element elementor-element-82a951f sc_height_small sc_layouts_hide_on_tablet sc_layouts_hide_on_mobile sc_fly_static elementor-widget elementor-widget-spacer\" data-id=\"82a951f\" data-element_type=\"widget\" data-widget_type=\"spacer.default\">\n\t\t\t\t<div class=\"elementor-widget-container\">\n\t\t\t\t\t<div class=\"elementor-spacer\">\n\t\t\t<div class=\"elementor-spacer-inner\"><\/div>\n\t\t<\/div>\n\t\t\t\t<\/div>\n\t\t\t\t<\/div>\n\t\t\t\t<div class=\"elementor-element elementor-element-b3de3c9 sc_fly_static elementor-widget elementor-widget-trx_sc_button\" data-id=\"b3de3c9\" data-element_type=\"widget\" data-widget_type=\"trx_sc_button.default\">\n\t\t\t\t<div class=\"elementor-widget-container\">\n\t\t\t<div\tclass=\"sc_item_button sc_button_wrap sc_align_center\" ><a href=\"https:\/\/aliyevclinic.com\/tr\/randevu-sistemi\/\" class=\"sc_button sc_button_default sc_button_size_normal sc_button_icon_left\" ><span class=\"sc_button_text\"><span class=\"sc_button_title\">Randevu al<\/span><\/span><\/a><\/div>\t\t<\/div>\n\t\t\t\t<\/div>\n\t\t\t\t<div class=\"elementor-element elementor-element-2b793e5 sc_layouts_hide_on_tablet sc_layouts_hide_on_mobile sc_layouts_hide_on_notebook sc_height_huge sc_fly_static elementor-widget elementor-widget-spacer\" data-id=\"2b793e5\" data-element_type=\"widget\" data-widget_type=\"spacer.default\">\n\t\t\t\t<div class=\"elementor-widget-container\">\n\t\t\t\t\t<div class=\"elementor-spacer\">\n\t\t\t<div class=\"elementor-spacer-inner\"><\/div>\n\t\t<\/div>\n\t\t\t\t<\/div>\n\t\t\t\t<\/div>\n\t\t\t\t\t<\/div>\n\t\t<\/div>\n\t\t\t\t\t\t\t<\/div>\n\t\t<\/section>\n\t\t\t\t\t\t\t<\/div>\n\t\t","protected":false},"excerpt":{"rendered":"<p>S\u0131k Sorulan Sorular Paket hizmetiniz neleri kapsamaktad\u0131r? Her\u015fey dahil estetik cerrrahi hizmet paketimiz; Havaliman\u0131ndan otele, otelden klini\u011fe ve hastaneye \u00f6zel ara\u00e7 ile transferinizi, Kapsaml\u0131 tahlil ve muayene hizmetlerini, Ameliyat \u00f6ncesi&hellip;<\/p>\n","protected":false},"author":1,"featured_media":0,"parent":0,"menu_order":0,"comment_status":"closed","ping_status":"closed","template":"","meta":{"footnotes":""},"class_list":["post-27208","page","type-page","status-publish","hentry"],"yoast_head":"<!-- This site is optimized with the Yoast SEO plugin v21.7 - https:\/\/yoast.com\/wordpress\/plugins\/seo\/ -->\n<title>SSS - Aliyev Klinik<\/title>\n<meta name=\"robots\" content=\"index, follow, max-snippet:-1, max-image-preview:large, max-video-preview:-1\" \/>\n<link rel=\"canonical\" href=\"https:\/\/aliyevclinic.com\/tr\/sss\/\" \/>\n<meta property=\"og:locale\" content=\"tr_TR\" \/>\n<meta property=\"og:type\" content=\"article\" \/>\n<meta property=\"og:title\" content=\"SSS - Aliyev Klinik\" \/>\n<meta property=\"og:description\" content=\"S\u0131k Sorulan Sorular Paket hizmetiniz neleri kapsamaktad\u0131r? Her\u015fey dahil estetik cerrrahi hizmet paketimiz; Havaliman\u0131ndan otele, otelden klini\u011fe ve hastaneye \u00f6zel ara\u00e7 ile transferinizi, Kapsaml\u0131 tahlil ve muayene hizmetlerini, Ameliyat \u00f6ncesi&hellip;\" \/>\n<meta property=\"og:url\" content=\"https:\/\/aliyevclinic.com\/tr\/sss\/\" \/>\n<meta property=\"og:site_name\" content=\"Aliyev Klinik\" \/>\n<meta property=\"article:modified_time\" content=\"2023-09-27T15:19:34+00:00\" \/>\n<meta name=\"twitter:card\" content=\"summary_large_image\" \/>\n<meta name=\"twitter:label1\" content=\"Tahmini okuma s\u00fcresi\" \/>\n\t<meta name=\"twitter:data1\" content=\"1 dakika\" \/>\n<script type=\"application\/ld+json\" class=\"yoast-schema-graph\">{\"@context\":\"https:\/\/schema.org\",\"@graph\":[{\"@type\":\"WebPage\",\"@id\":\"https:\/\/aliyevclinic.com\/tr\/sss\/\",\"url\":\"https:\/\/aliyevclinic.com\/tr\/sss\/\",\"name\":\"SSS - Aliyev Klinik\",\"isPartOf\":{\"@id\":\"https:\/\/aliyevclinic.com\/#website\"},\"datePublished\":\"2021-12-03T15:39:36+00:00\",\"dateModified\":\"2023-09-27T15:19:34+00:00\",\"breadcrumb\":{\"@id\":\"https:\/\/aliyevclinic.com\/tr\/sss\/#breadcrumb\"},\"inLanguage\":\"tr\",\"potentialAction\":[{\"@type\":\"ReadAction\",\"target\":[\"https:\/\/aliyevclinic.com\/tr\/sss\/\"]}]},{\"@type\":\"BreadcrumbList\",\"@id\":\"https:\/\/aliyevclinic.com\/tr\/sss\/#breadcrumb\",\"itemListElement\":[{\"@type\":\"ListItem\",\"position\":1,\"name\":\"Home\",\"item\":\"https:\/\/aliyevclinic.com\/tr\/\"},{\"@type\":\"ListItem\",\"position\":2,\"name\":\"SSS\"}]},{\"@type\":\"WebSite\",\"@id\":\"https:\/\/aliyevclinic.com\/#website\",\"url\":\"https:\/\/aliyevclinic.com\/\",\"name\":\"Aliyev Klinik\",\"description\":\"Estetik Klinik- Estetik Sanat\u0131\",\"publisher\":{\"@id\":\"https:\/\/aliyevclinic.com\/#organization\"},\"potentialAction\":[{\"@type\":\"SearchAction\",\"target\":{\"@type\":\"EntryPoint\",\"urlTemplate\":\"https:\/\/aliyevclinic.com\/?s={search_term_string}\"},\"query-input\":\"required name=search_term_string\"}],\"inLanguage\":\"tr\"},{\"@type\":\"Organization\",\"@id\":\"https:\/\/aliyevclinic.com\/#organization\",\"name\":\"Aliyev Klinik\",\"url\":\"https:\/\/aliyevclinic.com\/\",\"logo\":{\"@type\":\"ImageObject\",\"inLanguage\":\"tr\",\"@id\":\"https:\/\/aliyevclinic.com\/#\/schema\/logo\/image\/\",\"url\":\"https:\/\/aliyevclinic.com\/wp-content\/uploads\/2021\/12\/headerlogor1.png\",\"contentUrl\":\"https:\/\/aliyevclinic.com\/wp-content\/uploads\/2021\/12\/headerlogor1.png\",\"width\":223,\"height\":72,\"caption\":\"Aliyev Klinik\"},\"image\":{\"@id\":\"https:\/\/aliyevclinic.com\/#\/schema\/logo\/image\/\"}}]}<\/script>\n<!-- \/ Yoast SEO plugin. -->","yoast_head_json":{"title":"SSS - Aliyev Klinik","robots":{"index":"index","follow":"follow","max-snippet":"max-snippet:-1","max-image-preview":"max-image-preview:large","max-video-preview":"max-video-preview:-1"},"canonical":"https:\/\/aliyevclinic.com\/tr\/sss\/","og_locale":"tr_TR","og_type":"article","og_title":"SSS - Aliyev Klinik","og_description":"S\u0131k Sorulan Sorular Paket hizmetiniz neleri kapsamaktad\u0131r? Her\u015fey dahil estetik cerrrahi hizmet paketimiz; Havaliman\u0131ndan otele, otelden klini\u011fe ve hastaneye \u00f6zel ara\u00e7 ile transferinizi, Kapsaml\u0131 tahlil ve muayene hizmetlerini, Ameliyat \u00f6ncesi&hellip;","og_url":"https:\/\/aliyevclinic.com\/tr\/sss\/","og_site_name":"Aliyev Klinik","article_modified_time":"2023-09-27T15:19:34+00:00","twitter_card":"summary_large_image","twitter_misc":{"Tahmini okuma s\u00fcresi":"1 dakika"},"schema":{"@context":"https:\/\/schema.org","@graph":[{"@type":"WebPage","@id":"https:\/\/aliyevclinic.com\/tr\/sss\/","url":"https:\/\/aliyevclinic.com\/tr\/sss\/","name":"SSS - Aliyev Klinik","isPartOf":{"@id":"https:\/\/aliyevclinic.com\/#website"},"datePublished":"2021-12-03T15:39:36+00:00","dateModified":"2023-09-27T15:19:34+00:00","breadcrumb":{"@id":"https:\/\/aliyevclinic.com\/tr\/sss\/#breadcrumb"},"inLanguage":"tr","potentialAction":[{"@type":"ReadAction","target":["https:\/\/aliyevclinic.com\/tr\/sss\/"]}]},{"@type":"BreadcrumbList","@id":"https:\/\/aliyevclinic.com\/tr\/sss\/#breadcrumb","itemListElement":[{"@type":"ListItem","position":1,"name":"Home","item":"https:\/\/aliyevclinic.com\/tr\/"},{"@type":"ListItem","position":2,"name":"SSS"}]},{"@type":"WebSite","@id":"https:\/\/aliyevclinic.com\/#website","url":"https:\/\/aliyevclinic.com\/","name":"Aliyev Klinik","description":"Estetik Klinik- Estetik Sanat\u0131","publisher":{"@id":"https:\/\/aliyevclinic.com\/#organization"},"potentialAction":[{"@type":"SearchAction","target":{"@type":"EntryPoint","urlTemplate":"https:\/\/aliyevclinic.com\/?s={search_term_string}"},"query-input":"required name=search_term_string"}],"inLanguage":"tr"},{"@type":"Organization","@id":"https:\/\/aliyevclinic.com\/#organization","name":"Aliyev Klinik","url":"https:\/\/aliyevclinic.com\/","logo":{"@type":"ImageObject","inLanguage":"tr","@id":"https:\/\/aliyevclinic.com\/#\/schema\/logo\/image\/","url":"https:\/\/aliyevclinic.com\/wp-content\/uploads\/2021\/12\/headerlogor1.png","contentUrl":"https:\/\/aliyevclinic.com\/wp-content\/uploads\/2021\/12\/headerlogor1.png","width":223,"height":72,"caption":"Aliyev Klinik"},"image":{"@id":"https:\/\/aliyevclinic.com\/#\/schema\/logo\/image\/"}}]}},"_links":{"self":[{"href":"https:\/\/aliyevclinic.com\/tr\/wp-json\/wp\/v2\/pages\/27208"}],"collection":[{"href":"https:\/\/aliyevclinic.com\/tr\/wp-json\/wp\/v2\/pages"}],"about":[{"href":"https:\/\/aliyevclinic.com\/tr\/wp-json\/wp\/v2\/types\/page"}],"author":[{"embeddable":true,"href":"https:\/\/aliyevclinic.com\/tr\/wp-json\/wp\/v2\/users\/1"}],"replies":[{"embeddable":true,"href":"https:\/\/aliyevclinic.com\/tr\/wp-json\/wp\/v2\/comments?post=27208"}],"version-history":[{"count":5,"href":"https:\/\/aliyevclinic.com\/tr\/wp-json\/wp\/v2\/pages\/27208\/revisions"}],"predecessor-version":[{"id":27513,"href":"https:\/\/aliyevclinic.com\/tr\/wp-json\/wp\/v2\/pages\/27208\/revisions\/27513"}],"wp:attachment":[{"href":"https:\/\/aliyevclinic.com\/tr\/wp-json\/wp\/v2\/media?parent=27208"}],"curies":[{"name":"wp","href":"https:\/\/api.w.org\/{rel}","templated":true}]}}