{"id":27234,"date":"2023-08-22T17:07:45","date_gmt":"2023-08-22T17:07:45","guid":{"rendered":"http:\/\/aliyevclinic.com\/randevu-sistemi\/"},"modified":"2023-10-31T08:14:32","modified_gmt":"2023-10-31T08:14:32","slug":"randevu-sistemi","status":"publish","type":"page","link":"https:\/\/aliyevclinic.com\/tr\/randevu-sistemi\/","title":{"rendered":"Randevu Sistemi"},"content":{"rendered":"\t\t<div data-elementor-type=\"wp-page\" data-elementor-id=\"27234\" class=\"elementor elementor-27234 elementor-25825\" data-elementor-post-type=\"page\">\n\t\t\t\t\t\t\t\t\t<section class=\"elementor-section elementor-top-section elementor-element elementor-element-4c23b861 elementor-section-boxed elementor-section-height-default elementor-section-height-default sc_fly_static\" data-id=\"4c23b861\" data-element_type=\"section\">\n\t\t\t\t\t\t<div class=\"elementor-container elementor-column-gap-extended\">\n\t\t\t\t\t<div class=\"elementor-column elementor-col-100 elementor-top-column elementor-element elementor-element-34044f2d sc_inner_width_none sc_content_align_inherit sc_layouts_column_icons_position_left sc_fly_static\" data-id=\"34044f2d\" data-element_type=\"column\">\n\t\t\t<div class=\"elementor-widget-wrap elementor-element-populated\">\n\t\t\t\t\t\t\t\t<div class=\"elementor-element elementor-element-c4122e5 sc_height_huge sc_fly_static elementor-widget elementor-widget-spacer\" data-id=\"c4122e5\" data-element_type=\"widget\" data-widget_type=\"spacer.default\">\n\t\t\t\t<div class=\"elementor-widget-container\">\n\t\t\t\t\t<div class=\"elementor-spacer\">\n\t\t\t<div class=\"elementor-spacer-inner\"><\/div>\n\t\t<\/div>\n\t\t\t\t<\/div>\n\t\t\t\t<\/div>\n\t\t\t\t\t<\/div>\n\t\t<\/div>\n\t\t\t\t\t\t\t<\/div>\n\t\t<\/section>\n\t\t\t\t<section class=\"elementor-section elementor-top-section elementor-element elementor-element-ae7a434 elementor-section-boxed elementor-section-height-default elementor-section-height-default sc_fly_static\" data-id=\"ae7a434\" data-element_type=\"section\" data-settings=\"{&quot;background_background&quot;:&quot;classic&quot;}\">\n\t\t\t\t\t\t<div class=\"elementor-container elementor-column-gap-no\">\n\t\t\t\t\t<div class=\"elementor-column elementor-col-100 elementor-top-column elementor-element elementor-element-5a8a8ed sc_inner_width_none sc_content_align_inherit sc_layouts_column_icons_position_left sc_fly_static\" data-id=\"5a8a8ed\" data-element_type=\"column\">\n\t\t\t<div class=\"elementor-widget-wrap elementor-element-populated\">\n\t\t\t\t\t\t\t\t<div class=\"elementor-element elementor-element-35ec80e sc_fly_static elementor-widget elementor-widget-trx_sc_title\" data-id=\"35ec80e\" data-element_type=\"widget\" data-widget_type=\"trx_sc_title.default\">\n\t\t\t\t<div class=\"elementor-widget-container\">\n\t\t\t<div\t\tclass=\"sc_title sc_title_default\" ><span class=\"sc_item_subtitle sc_title_subtitle sc_align_center sc_item_subtitle_above sc_item_title_style_default sc_item_subtitle_with_custom_color trx_addons_inline_403026337\">Online G\u00f6r\u00fc\u015fme<\/span><h1 class=\"sc_item_title sc_title_title sc_align_center sc_item_title_style_default sc_item_title_tag\"\n\t\t\t><span class=\"sc_item_title_text\">Kendinize Uygun Bir Tarih Se\u00e7in<\/span><\/h1><div class=\"sc_item_descr sc_title_descr sc_align_center sc_item_descr_with_custom_color trx_addons_inline_802660185\"><p>Dr. Aliyev'in asistan\u0131 sorular\u0131n\u0131z\u0131 yan\u0131tlamak, ihtiya\u00e7lar\u0131n\u0131z\u0131 ve durumunuzu anlamak ad\u0131na \u00f6n g\u00f6r\u00fc\u015fme i\u00e7in sizinle ileti\u015fime ge\u00e7ecektir. Yap\u0131lacak olan 2. g\u00f6r\u00fc\u015fme do\u011frudan Dr. Aliyev ile canl\u0131 olarak organize edilecektir.<\/p>\n<\/div><\/div>\t\t<\/div>\n\t\t\t\t<\/div>\n\t\t\t\t\t<\/div>\n\t\t<\/div>\n\t\t\t\t\t\t\t<\/div>\n\t\t<\/section>\n\t\t\t\t<section class=\"elementor-section elementor-top-section elementor-element elementor-element-eb7eb51 elementor-section-boxed elementor-section-height-default elementor-section-height-default sc_fly_static\" data-id=\"eb7eb51\" data-element_type=\"section\">\n\t\t\t\t\t\t<div class=\"elementor-container elementor-column-gap-extended\">\n\t\t\t\t\t<div class=\"elementor-column elementor-col-100 elementor-top-column elementor-element elementor-element-3298a0c sc_inner_width_none sc_content_align_inherit sc_layouts_column_icons_position_left sc_fly_static\" data-id=\"3298a0c\" data-element_type=\"column\">\n\t\t\t<div class=\"elementor-widget-wrap elementor-element-populated\">\n\t\t\t\t\t\t\t\t<div class=\"elementor-element elementor-element-0ae7e9a sc_height_tiny sc_fly_static elementor-widget elementor-widget-spacer\" data-id=\"0ae7e9a\" data-element_type=\"widget\" data-widget_type=\"spacer.default\">\n\t\t\t\t<div class=\"elementor-widget-container\">\n\t\t\t\t\t<div class=\"elementor-spacer\">\n\t\t\t<div class=\"elementor-spacer-inner\"><\/div>\n\t\t<\/div>\n\t\t\t\t<\/div>\n\t\t\t\t<\/div>\n\t\t\t\t\t<\/div>\n\t\t<\/div>\n\t\t\t\t\t\t\t<\/div>\n\t\t<\/section>\n\t\t\t\t<section class=\"elementor-section elementor-top-section elementor-element elementor-element-babc4f3 elementor-section-boxed elementor-section-height-default elementor-section-height-default sc_fly_static\" data-id=\"babc4f3\" data-element_type=\"section\">\n\t\t\t\t\t\t<div class=\"elementor-container elementor-column-gap-extended\">\n\t\t\t\t\t<div class=\"elementor-column elementor-col-100 elementor-top-column elementor-element elementor-element-2a97bb6 sc_inner_width_none sc_content_align_inherit sc_layouts_column_icons_position_left sc_fly_static\" data-id=\"2a97bb6\" data-element_type=\"column\">\n\t\t\t<div class=\"elementor-widget-wrap elementor-element-populated\">\n\t\t\t\t\t\t\t\t<div class=\"elementor-element elementor-element-58fddb9 sc_fly_static elementor-widget elementor-widget-html\" data-id=\"58fddb9\" data-element_type=\"widget\" data-widget_type=\"html.default\">\n\t\t\t\t<div class=\"elementor-widget-container\">\n\t\t\t<!-- Calendly inline widget begin -->\r\n<div class=\"calendly-inline-widget\" data-url=\"https:\/\/calendly.com\/aliyev-clinic-appointment\/15min?hide_gdpr_banner=1&primary_color=a17e66\" style=\"min-width:320px;height:700px;\"><\/div>\r\n<script type=\"text\/javascript\" src=\"https:\/\/assets.calendly.com\/assets\/external\/widget.js\" async><\/script>\r\n<!-- Calendly inline widget end -->\t\t<\/div>\n\t\t\t\t<\/div>\n\t\t\t\t\t<\/div>\n\t\t<\/div>\n\t\t\t\t\t\t\t<\/div>\n\t\t<\/section>\n\t\t\t\t<section class=\"elementor-section elementor-top-section elementor-element elementor-element-6a3c169 elementor-section-boxed elementor-section-height-default elementor-section-height-default sc_fly_static\" data-id=\"6a3c169\" data-element_type=\"section\">\n\t\t\t\t\t\t<div class=\"elementor-container elementor-column-gap-default\">\n\t\t\t\t\t<div class=\"elementor-column elementor-col-100 elementor-top-column elementor-element elementor-element-c618469 sc_layouts_column_align_center sc_layouts_column sc_content_align_center sc_inner_width_none sc_layouts_column_icons_position_left sc_fly_static\" data-id=\"c618469\" data-element_type=\"column\">\n\t\t\t<div class=\"elementor-widget-wrap elementor-element-populated\">\n\t\t\t\t\t\t\t\t<div class=\"elementor-element elementor-element-d792bd8 sc_fly_static elementor-widget elementor-widget-trx_sc_title\" data-id=\"d792bd8\" data-element_type=\"widget\" data-widget_type=\"trx_sc_title.default\">\n\t\t\t\t<div class=\"elementor-widget-container\">\n\t\t\t<div\t\tclass=\"sc_title sc_title_default\" ><div class=\"sc_item_descr sc_title_descr sc_item_descr_with_custom_color trx_addons_inline_909451940\"><p>Not: Dan\u0131\u015fman\u0131m\u0131z se\u00e7mi\u015f oldu\u011funuz tarihi netle\u015ftirmek ad\u0131na g\u00f6r\u00fc\u015fme g\u00fcn\u00fcnden \u00f6nce size telefon a\u00e7abilir, e-posta veya mesaj yolu ile taraf\u0131n\u0131za bilgilendirme yapabilir. Takvimde belirtilmi\u015f olan saat aral\u0131klar\u0131 GMT+3 \u0130stanbul T\u00fcrkiye zaman aral\u0131\u011f\u0131na g\u00f6re belirtilmi\u015ftir. Dan\u0131\u015fman\u0131m\u0131z ile yapaca\u011f\u0131n\u0131z \u00f6n g\u00f6r\u00fc\u015fme yakla\u015f\u0131k olarak 15 dakika s\u00fcrmektedir.<\/p>\n<\/div><\/div>\t\t<\/div>\n\t\t\t\t<\/div>\n\t\t\t\t<div class=\"elementor-element elementor-element-a7641c1 sc_height_huge sc_fly_static elementor-widget elementor-widget-spacer\" data-id=\"a7641c1\" data-element_type=\"widget\" data-widget_type=\"spacer.default\">\n\t\t\t\t<div class=\"elementor-widget-container\">\n\t\t\t\t\t<div class=\"elementor-spacer\">\n\t\t\t<div class=\"elementor-spacer-inner\"><\/div>\n\t\t<\/div>\n\t\t\t\t<\/div>\n\t\t\t\t<\/div>\n\t\t\t\t\t<\/div>\n\t\t<\/div>\n\t\t\t\t\t\t\t<\/div>\n\t\t<\/section>\n\t\t\t\t\t\t\t<\/div>\n\t\t","protected":false},"excerpt":{"rendered":"<p>Online G\u00f6r\u00fc\u015fme Kendinize Uygun Bir Tarih Se\u00e7in Dr. Aliyev&#8217;in asistan\u0131 sorular\u0131n\u0131z\u0131 yan\u0131tlamak, ihtiya\u00e7lar\u0131n\u0131z\u0131 ve durumunuzu anlamak ad\u0131na \u00f6n g\u00f6r\u00fc\u015fme i\u00e7in sizinle ileti\u015fime ge\u00e7ecektir. Yap\u0131lacak olan 2. g\u00f6r\u00fc\u015fme do\u011frudan Dr. Aliyev&hellip;<\/p>\n","protected":false},"author":1,"featured_media":0,"parent":0,"menu_order":0,"comment_status":"closed","ping_status":"closed","template":"","meta":{"footnotes":""},"class_list":["post-27234","page","type-page","status-publish","hentry"],"yoast_head":"<!-- This site is optimized with the Yoast SEO plugin v21.7 - https:\/\/yoast.com\/wordpress\/plugins\/seo\/ -->\n<title>Randevu Sistemi - Aliyev Klinik<\/title>\n<meta name=\"robots\" content=\"index, follow, max-snippet:-1, max-image-preview:large, max-video-preview:-1\" \/>\n<link rel=\"canonical\" href=\"https:\/\/aliyevclinic.com\/tr\/randevu-sistemi\/\" \/>\n<meta property=\"og:locale\" content=\"tr_TR\" \/>\n<meta property=\"og:type\" content=\"article\" \/>\n<meta property=\"og:title\" content=\"Randevu Sistemi - Aliyev Klinik\" \/>\n<meta property=\"og:description\" content=\"Online G\u00f6r\u00fc\u015fme Kendinize Uygun Bir Tarih Se\u00e7in Dr. Aliyev&#8217;in asistan\u0131 sorular\u0131n\u0131z\u0131 yan\u0131tlamak, ihtiya\u00e7lar\u0131n\u0131z\u0131 ve durumunuzu anlamak ad\u0131na \u00f6n g\u00f6r\u00fc\u015fme i\u00e7in sizinle ileti\u015fime ge\u00e7ecektir. Yap\u0131lacak olan 2. g\u00f6r\u00fc\u015fme do\u011frudan Dr. Aliyev&hellip;\" \/>\n<meta property=\"og:url\" content=\"https:\/\/aliyevclinic.com\/tr\/randevu-sistemi\/\" \/>\n<meta property=\"og:site_name\" content=\"Aliyev Klinik\" \/>\n<meta property=\"article:modified_time\" content=\"2023-10-31T08:14:32+00:00\" \/>\n<meta name=\"twitter:card\" content=\"summary_large_image\" \/>\n<meta name=\"twitter:label1\" content=\"Tahmini okuma s\u00fcresi\" \/>\n\t<meta name=\"twitter:data1\" content=\"1 dakika\" \/>\n<script type=\"application\/ld+json\" class=\"yoast-schema-graph\">{\"@context\":\"https:\/\/schema.org\",\"@graph\":[{\"@type\":\"WebPage\",\"@id\":\"https:\/\/aliyevclinic.com\/tr\/randevu-sistemi\/\",\"url\":\"https:\/\/aliyevclinic.com\/tr\/randevu-sistemi\/\",\"name\":\"Randevu Sistemi - Aliyev Klinik\",\"isPartOf\":{\"@id\":\"https:\/\/aliyevclinic.com\/#website\"},\"datePublished\":\"2023-08-22T17:07:45+00:00\",\"dateModified\":\"2023-10-31T08:14:32+00:00\",\"breadcrumb\":{\"@id\":\"https:\/\/aliyevclinic.com\/tr\/randevu-sistemi\/#breadcrumb\"},\"inLanguage\":\"tr\",\"potentialAction\":[{\"@type\":\"ReadAction\",\"target\":[\"https:\/\/aliyevclinic.com\/tr\/randevu-sistemi\/\"]}]},{\"@type\":\"BreadcrumbList\",\"@id\":\"https:\/\/aliyevclinic.com\/tr\/randevu-sistemi\/#breadcrumb\",\"itemListElement\":[{\"@type\":\"ListItem\",\"position\":1,\"name\":\"Home\",\"item\":\"https:\/\/aliyevclinic.com\/tr\/\"},{\"@type\":\"ListItem\",\"position\":2,\"name\":\"Randevu Sistemi\"}]},{\"@type\":\"WebSite\",\"@id\":\"https:\/\/aliyevclinic.com\/#website\",\"url\":\"https:\/\/aliyevclinic.com\/\",\"name\":\"Aliyev Klinik\",\"description\":\"Estetik Klinik- Estetik Sanat\u0131\",\"publisher\":{\"@id\":\"https:\/\/aliyevclinic.com\/#organization\"},\"potentialAction\":[{\"@type\":\"SearchAction\",\"target\":{\"@type\":\"EntryPoint\",\"urlTemplate\":\"https:\/\/aliyevclinic.com\/?s={search_term_string}\"},\"query-input\":\"required name=search_term_string\"}],\"inLanguage\":\"tr\"},{\"@type\":\"Organization\",\"@id\":\"https:\/\/aliyevclinic.com\/#organization\",\"name\":\"Aliyev Klinik\",\"url\":\"https:\/\/aliyevclinic.com\/\",\"logo\":{\"@type\":\"ImageObject\",\"inLanguage\":\"tr\",\"@id\":\"https:\/\/aliyevclinic.com\/#\/schema\/logo\/image\/\",\"url\":\"https:\/\/aliyevclinic.com\/wp-content\/uploads\/2021\/12\/headerlogor1.png\",\"contentUrl\":\"https:\/\/aliyevclinic.com\/wp-content\/uploads\/2021\/12\/headerlogor1.png\",\"width\":223,\"height\":72,\"caption\":\"Aliyev Klinik\"},\"image\":{\"@id\":\"https:\/\/aliyevclinic.com\/#\/schema\/logo\/image\/\"}}]}<\/script>\n<!-- \/ Yoast SEO plugin. -->","yoast_head_json":{"title":"Randevu Sistemi - Aliyev Klinik","robots":{"index":"index","follow":"follow","max-snippet":"max-snippet:-1","max-image-preview":"max-image-preview:large","max-video-preview":"max-video-preview:-1"},"canonical":"https:\/\/aliyevclinic.com\/tr\/randevu-sistemi\/","og_locale":"tr_TR","og_type":"article","og_title":"Randevu Sistemi - Aliyev Klinik","og_description":"Online G\u00f6r\u00fc\u015fme Kendinize Uygun Bir Tarih Se\u00e7in Dr. Aliyev&#8217;in asistan\u0131 sorular\u0131n\u0131z\u0131 yan\u0131tlamak, ihtiya\u00e7lar\u0131n\u0131z\u0131 ve durumunuzu anlamak ad\u0131na \u00f6n g\u00f6r\u00fc\u015fme i\u00e7in sizinle ileti\u015fime ge\u00e7ecektir. Yap\u0131lacak olan 2. g\u00f6r\u00fc\u015fme do\u011frudan Dr. Aliyev&hellip;","og_url":"https:\/\/aliyevclinic.com\/tr\/randevu-sistemi\/","og_site_name":"Aliyev Klinik","article_modified_time":"2023-10-31T08:14:32+00:00","twitter_card":"summary_large_image","twitter_misc":{"Tahmini okuma s\u00fcresi":"1 dakika"},"schema":{"@context":"https:\/\/schema.org","@graph":[{"@type":"WebPage","@id":"https:\/\/aliyevclinic.com\/tr\/randevu-sistemi\/","url":"https:\/\/aliyevclinic.com\/tr\/randevu-sistemi\/","name":"Randevu Sistemi - Aliyev Klinik","isPartOf":{"@id":"https:\/\/aliyevclinic.com\/#website"},"datePublished":"2023-08-22T17:07:45+00:00","dateModified":"2023-10-31T08:14:32+00:00","breadcrumb":{"@id":"https:\/\/aliyevclinic.com\/tr\/randevu-sistemi\/#breadcrumb"},"inLanguage":"tr","potentialAction":[{"@type":"ReadAction","target":["https:\/\/aliyevclinic.com\/tr\/randevu-sistemi\/"]}]},{"@type":"BreadcrumbList","@id":"https:\/\/aliyevclinic.com\/tr\/randevu-sistemi\/#breadcrumb","itemListElement":[{"@type":"ListItem","position":1,"name":"Home","item":"https:\/\/aliyevclinic.com\/tr\/"},{"@type":"ListItem","position":2,"name":"Randevu Sistemi"}]},{"@type":"WebSite","@id":"https:\/\/aliyevclinic.com\/#website","url":"https:\/\/aliyevclinic.com\/","name":"Aliyev Klinik","description":"Estetik Klinik- Estetik Sanat\u0131","publisher":{"@id":"https:\/\/aliyevclinic.com\/#organization"},"potentialAction":[{"@type":"SearchAction","target":{"@type":"EntryPoint","urlTemplate":"https:\/\/aliyevclinic.com\/?s={search_term_string}"},"query-input":"required name=search_term_string"}],"inLanguage":"tr"},{"@type":"Organization","@id":"https:\/\/aliyevclinic.com\/#organization","name":"Aliyev Klinik","url":"https:\/\/aliyevclinic.com\/","logo":{"@type":"ImageObject","inLanguage":"tr","@id":"https:\/\/aliyevclinic.com\/#\/schema\/logo\/image\/","url":"https:\/\/aliyevclinic.com\/wp-content\/uploads\/2021\/12\/headerlogor1.png","contentUrl":"https:\/\/aliyevclinic.com\/wp-content\/uploads\/2021\/12\/headerlogor1.png","width":223,"height":72,"caption":"Aliyev Klinik"},"image":{"@id":"https:\/\/aliyevclinic.com\/#\/schema\/logo\/image\/"}}]}},"_links":{"self":[{"href":"https:\/\/aliyevclinic.com\/tr\/wp-json\/wp\/v2\/pages\/27234"}],"collection":[{"href":"https:\/\/aliyevclinic.com\/tr\/wp-json\/wp\/v2\/pages"}],"about":[{"href":"https:\/\/aliyevclinic.com\/tr\/wp-json\/wp\/v2\/types\/page"}],"author":[{"embeddable":true,"href":"https:\/\/aliyevclinic.com\/tr\/wp-json\/wp\/v2\/users\/1"}],"replies":[{"embeddable":true,"href":"https:\/\/aliyevclinic.com\/tr\/wp-json\/wp\/v2\/comments?post=27234"}],"version-history":[{"count":10,"href":"https:\/\/aliyevclinic.com\/tr\/wp-json\/wp\/v2\/pages\/27234\/revisions"}],"predecessor-version":[{"id":29363,"href":"https:\/\/aliyevclinic.com\/tr\/wp-json\/wp\/v2\/pages\/27234\/revisions\/29363"}],"wp:attachment":[{"href":"https:\/\/aliyevclinic.com\/tr\/wp-json\/wp\/v2\/media?parent=27234"}],"curies":[{"name":"wp","href":"https:\/\/api.w.org\/{rel}","templated":true}]}}