{"id":27424,"date":"2020-08-27T08:23:10","date_gmt":"2020-08-27T08:23:10","guid":{"rendered":"http:\/\/aliyevclinic.com\/kvkk\/"},"modified":"2023-09-27T10:59:20","modified_gmt":"2023-09-27T10:59:20","slug":"kvkk","status":"publish","type":"page","link":"https:\/\/aliyevclinic.com\/tr\/kvkk\/","title":{"rendered":"KVKK"},"content":{"rendered":"\t\t<div data-elementor-type=\"wp-page\" data-elementor-id=\"27424\" class=\"elementor elementor-27424 elementor-12954\" data-elementor-post-type=\"page\">\n\t\t\t\t\t\t\t\t\t<section class=\"elementor-section elementor-top-section elementor-element elementor-element-cedf6c9 elementor-section-boxed elementor-section-height-default elementor-section-height-default sc_fly_static\" data-id=\"cedf6c9\" data-element_type=\"section\" data-settings=\"{&quot;background_background&quot;:&quot;classic&quot;}\">\n\t\t\t\t\t\t<div class=\"elementor-container elementor-column-gap-extended\">\n\t\t\t\t\t<div class=\"elementor-column elementor-col-100 elementor-top-column elementor-element elementor-element-efa2ae5 sc_inner_width_none sc_content_align_inherit sc_layouts_column_icons_position_left sc_fly_static\" data-id=\"efa2ae5\" data-element_type=\"column\">\n\t\t\t<div class=\"elementor-widget-wrap elementor-element-populated\">\n\t\t\t\t\t\t\t\t<div class=\"elementor-element elementor-element-d62d8fe sc_fly_static elementor-widget elementor-widget-text-editor\" data-id=\"d62d8fe\" data-element_type=\"widget\" data-widget_type=\"text-editor.default\">\n\t\t\t\t<div class=\"elementor-widget-container\">\n\t\t\t\t\t\t\t<p style=\"font-family: Questrial, sans-serif; font-size: 18px; line-height: inherit; font-weight: 400; font-style: normal; margin-top: 0em; margin-bottom: 1.57em;\"><strong style=\"font-size: 18px;\">De\u011ferli Ziyaret\u00e7i,<\/strong><\/p>\n<p style=\"font-family: Questrial, sans-serif; font-size: 18px; line-height: inherit; font-weight: 400; font-style: normal; margin-bottom: 1.57em;\">\u0130nternet sitemizi ziyaretiniz ve ileti\u015fim formunu doldurman\u0131z ile i\u015flenecek ki\u015fisel verilerinize ili\u015fkin olarak; 6698 say\u0131l\u0131 Ki\u015fisel Verilerin Korunmas\u0131 Hakk\u0131nda Kanun (\u201cKanun\u201d) uyar\u0131nca veri sorumlusu s\u0131fat\u0131 ile sizi bilgilendirmek isteriz.<\/p>\n<p style=\"font-family: Questrial, sans-serif; font-size: 18px; line-height: inherit; font-weight: 400; font-style: normal; margin-bottom: 1.57em;\"><strong style=\"font-size: 18px;\">Hangi Ki\u015fisel Verilerinizi \u0130\u015fleyece\u011fiz ve Ki\u015fisel Verilerinizi \u0130\u015flenme Ama\u00e7lar\u0131m\u0131z Nelerdir?<\/strong><\/p>\n<p style=\"font-family: Questrial, sans-serif; font-size: 18px; line-height: inherit; font-weight: 400; font-style: normal; margin-bottom: 1.57em;\">Siz de\u011ferli ziyaret\u00e7ilerimize ait kimlik bilgisi (ad-soyad), \u0130leti\u015fim Bilgisi (elektronik posta adresi), \u0130\u015flem G\u00fcvenli\u011fi Bilgisi (IP adresi, site trafik bilgisi vb.) \u015feklindeki ki\u015fisel verileriniz;<\/p>\n<ul style=\"font-family: Questrial, sans-serif; font-size: 18px; font-weight: 400; font-style: normal; margin-bottom: 1.57em;\">\n<li style=\"font-size: 18px;\">\u0130nternet sitemiz \u00fczerinden ileti\u015fim formunun g\u00f6nderilmesi halinde talep ve mesajlar\u0131n\u0131z\u0131n yan\u0131tlanmas\u0131 ve bu kapsamda ileti\u015fim faaliyetlerinin y\u00fcr\u00fct\u00fclmesi amac\u0131yla,<\/li>\n<li style=\"font-size: 18px;\">Yapaca\u011f\u0131n\u0131z s\u00f6zle\u015fmelerin kurulmas\u0131, ifas\u0131, sonland\u0131r\u0131lmas\u0131 da dahil olmak \u00fczere t\u00fcm a\u015famalar\u0131 kapsam\u0131nda,<\/li>\n<li style=\"font-size: 18px;\">\u0130nternet sitemizin g\u00fcvenli\u011finin sa\u011flanmas\u0131 amac\u0131yla i\u015flenmektedir.<\/li>\n<\/ul>\n<p style=\"font-family: Questrial, sans-serif; font-size: 18px; line-height: inherit; font-weight: 400; font-style: normal; margin-bottom: 1.57em;\"><strong style=\"font-size: 18px;\">Ki\u015fisel Verilerinizi Kimlere ve Hangi Ama\u00e7larla Aktarabiliriz?<\/strong><\/p>\n<p style=\"font-family: Questrial, sans-serif; font-size: 18px; line-height: inherit; font-weight: 400; font-style: normal; margin-bottom: 1.57em;\">Ki\u015fisel verileriniz g\u00fcvenle saklan\u0131r ve a\u015fa\u011f\u0131daki haller d\u0131\u015f\u0131nda \u00fc\u00e7\u00fcnc\u00fc \u015fah\u0131slara aktar\u0131lmaz;<\/p>\n<ul style=\"font-family: Questrial, sans-serif; font-size: 18px; font-weight: 400; font-style: normal; margin-bottom: 1.57em;\">\n<li style=\"font-size: 18px;\">Kanun ve sair mevzuat h\u00fck\u00fcmlerinin zorunlu k\u0131ld\u0131\u011f\u0131\/izin verdi\u011fi ki\u015fi, kurum ve\/veya kurulu\u015flar,<\/li>\n<li style=\"font-size: 18px;\">Ki\u015fisel verileri alma yetkisi bulunan her t\u00fcrl\u00fc kamu t\u00fczel ki\u015filerine, otoritelere<\/li>\n<\/ul>\n<p style=\"font-family: Questrial, sans-serif; font-size: 18px; line-height: inherit; font-weight: 400; font-style: normal; margin-bottom: 1.57em;\">hukuki zorunluluklar nedeniyle ancak yasal s\u0131n\u0131rlamalar \u00e7er\u00e7evesinde ki\u015fisel verileriniz aktar\u0131labilecektir.<\/p>\n<p style=\"font-family: Questrial, sans-serif; font-size: 18px; line-height: inherit; font-weight: 400; font-style: normal; margin-bottom: 1.57em;\"><strong style=\"font-size: 18px;\">Ki\u015fisel Verilerinizin Toplanma Y\u00f6ntemi ve Hukuki Sebebi Nedir?<\/strong><\/p>\n<p style=\"font-family: Questrial, sans-serif; font-size: 18px; line-height: inherit; font-weight: 400; font-style: normal; margin-bottom: 1.57em;\">Ki\u015fisel verileriniz; internet sitemizin kullan\u0131lmas\u0131 ve ileti\u015fim formunun doldurulmas\u0131 suretiyle tamamen otomatik veya k\u0131smen otomatik yollarla i\u015fleme amac\u0131 i\u00e7in gerekli olan s\u00fcre kadar saklanmak \u00fczere toplan\u0131r.<\/p>\n<p style=\"font-family: Questrial, sans-serif; font-size: 18px; line-height: inherit; font-weight: 400; font-style: normal; margin-bottom: 1.57em;\">Ki\u015fisel verileriniz;<\/p>\n<ul style=\"font-family: Questrial, sans-serif; font-size: 18px; font-weight: 400; font-style: normal; margin-bottom: 1.57em;\">\n<li style=\"font-size: 18px;\">Bir s\u00f6zle\u015fmenin kurulmas\u0131 veya ifas\u0131yla do\u011frudan do\u011fruya ilgili olmas\u0131 kayd\u0131yla, s\u00f6zle\u015fmenin taraflar\u0131na ait ki\u015fisel verilerin i\u015flenmesinin gerekli olmas\u0131 (KVKK m.5\/2-c) ile<\/li>\n<li style=\"font-size: 18px;\">\u0130lgili ki\u015finin temel hak ve \u00f6zg\u00fcrl\u00fcklerine zarar vermemek kayd\u0131yla, me\u015fru menfaatlerimiz i\u00e7in veri i\u015flenmesinin zorunlu olmas\u0131 (KVKK m.5\/2-f) hukuki sebeplerine istinaden i\u015flenmektedir.<\/li>\n<\/ul>\n<p style=\"font-family: Questrial, sans-serif; font-size: 18px; line-height: inherit; font-weight: 400; font-style: normal; margin-bottom: 1.57em;\"><strong style=\"font-size: 18px;\">Kanun\u2019un 11. Maddesi Uyar\u0131nca Haklar\u0131n\u0131z<\/strong><\/p>\n<p style=\"font-family: Questrial, sans-serif; font-size: 18px; line-height: inherit; font-weight: 400; font-style: normal; margin-bottom: 1.57em;\">Ki\u015fisel verilerinize ili\u015fkin olarak her zaman Kanun\u2019un 11.maddesi uyar\u0131nca sahip oldu\u011funuz haklar\u0131n\u0131za ili\u015fkin taraf\u0131m\u0131za ba\u015fvuruda bulunabilirsiniz.<\/p>\n<p style=\"font-family: Questrial, sans-serif; font-size: 18px; line-height: inherit; font-weight: 400; font-style: normal; margin-bottom: 1.57em;\">Ba\u015fvurular\u0131n\u0131z\u0131 a\u015fa\u011f\u0131da yaz\u0131l\u0131 adrese yaz\u0131l\u0131 olarak veya daha \u00f6nce bildirdi\u011finiz ve sistemimizde kay\u0131tl\u0131 bulunan e-posta adresinizden a\u015fa\u011f\u0131da yaz\u0131l\u0131 mail adresine e-posta g\u00f6ndermek suretiyle iletebilirsiniz.<\/p>\n<p style=\"font-family: Questrial, sans-serif; font-size: 18px; line-height: inherit; font-weight: 400; font-style: normal; margin-bottom: 1.57em;\"><strong style=\"font-size: 18px;\">Veri Sorumlusu:<\/strong><\/p>\n<p style=\"font-family: Questrial, sans-serif; font-size: 18px; line-height: inherit; font-weight: 400; font-style: normal; margin-bottom: 1.57em;\">Dr. Ali Aliyev<\/p>\n<p style=\"font-family: Questrial, sans-serif; font-size: 18px; line-height: inherit; font-weight: 400; font-style: normal; margin-bottom: 1.57em;\">Addres: Feneryolu Mah. Bagdat Cad. No: 71\/B, 634724, Kad\u0131k\u00f6y, \u0130stanbul, T\u00fcrkiye<\/p>\n<p style=\"font-family: Questrial, sans-serif; font-size: 18px; line-height: inherit; font-weight: 400; font-style: normal;\">E-Posta: kvkk@aliyevclinic.com<\/p>\t\t\t\t\t\t<\/div>\n\t\t\t\t<\/div>\n\t\t\t\t\t<\/div>\n\t\t<\/div>\n\t\t\t\t\t\t\t<\/div>\n\t\t<\/section>\n\t\t\t\t\t\t\t<\/div>\n\t\t","protected":false},"excerpt":{"rendered":"<p>De\u011ferli Ziyaret\u00e7i, \u0130nternet sitemizi ziyaretiniz ve ileti\u015fim formunu doldurman\u0131z ile i\u015flenecek ki\u015fisel verilerinize ili\u015fkin olarak; 6698 say\u0131l\u0131 Ki\u015fisel Verilerin Korunmas\u0131 Hakk\u0131nda Kanun (\u201cKanun\u201d) uyar\u0131nca veri sorumlusu s\u0131fat\u0131 ile sizi bilgilendirmek&hellip;<\/p>\n","protected":false},"author":1,"featured_media":0,"parent":0,"menu_order":0,"comment_status":"closed","ping_status":"closed","template":"","meta":{"footnotes":""},"class_list":["post-27424","page","type-page","status-publish","hentry"],"yoast_head":"<!-- This site is optimized with the Yoast SEO plugin v21.7 - https:\/\/yoast.com\/wordpress\/plugins\/seo\/ -->\n<title>KVKK - Aliyev Klinik<\/title>\n<meta name=\"robots\" content=\"index, follow, max-snippet:-1, max-image-preview:large, max-video-preview:-1\" \/>\n<link rel=\"canonical\" href=\"https:\/\/aliyevclinic.com\/tr\/kvkk\/\" \/>\n<meta property=\"og:locale\" content=\"tr_TR\" \/>\n<meta property=\"og:type\" content=\"article\" \/>\n<meta property=\"og:title\" content=\"KVKK - Aliyev Klinik\" \/>\n<meta property=\"og:description\" content=\"De\u011ferli Ziyaret\u00e7i, \u0130nternet sitemizi ziyaretiniz ve ileti\u015fim formunu doldurman\u0131z ile i\u015flenecek ki\u015fisel verilerinize ili\u015fkin olarak; 6698 say\u0131l\u0131 Ki\u015fisel Verilerin Korunmas\u0131 Hakk\u0131nda Kanun (\u201cKanun\u201d) uyar\u0131nca veri sorumlusu s\u0131fat\u0131 ile sizi bilgilendirmek&hellip;\" \/>\n<meta property=\"og:url\" content=\"https:\/\/aliyevclinic.com\/tr\/kvkk\/\" \/>\n<meta property=\"og:site_name\" content=\"Aliyev Klinik\" \/>\n<meta property=\"article:modified_time\" content=\"2023-09-27T10:59:20+00:00\" \/>\n<meta name=\"twitter:card\" content=\"summary_large_image\" \/>\n<meta name=\"twitter:label1\" content=\"Tahmini okuma s\u00fcresi\" \/>\n\t<meta name=\"twitter:data1\" content=\"2 dakika\" \/>\n<script type=\"application\/ld+json\" class=\"yoast-schema-graph\">{\"@context\":\"https:\/\/schema.org\",\"@graph\":[{\"@type\":\"WebPage\",\"@id\":\"https:\/\/aliyevclinic.com\/tr\/kvkk\/\",\"url\":\"https:\/\/aliyevclinic.com\/tr\/kvkk\/\",\"name\":\"KVKK - Aliyev Klinik\",\"isPartOf\":{\"@id\":\"https:\/\/aliyevclinic.com\/#website\"},\"datePublished\":\"2020-08-27T08:23:10+00:00\",\"dateModified\":\"2023-09-27T10:59:20+00:00\",\"breadcrumb\":{\"@id\":\"https:\/\/aliyevclinic.com\/tr\/kvkk\/#breadcrumb\"},\"inLanguage\":\"tr\",\"potentialAction\":[{\"@type\":\"ReadAction\",\"target\":[\"https:\/\/aliyevclinic.com\/tr\/kvkk\/\"]}]},{\"@type\":\"BreadcrumbList\",\"@id\":\"https:\/\/aliyevclinic.com\/tr\/kvkk\/#breadcrumb\",\"itemListElement\":[{\"@type\":\"ListItem\",\"position\":1,\"name\":\"Home\",\"item\":\"https:\/\/aliyevclinic.com\/tr\/\"},{\"@type\":\"ListItem\",\"position\":2,\"name\":\"KVKK\"}]},{\"@type\":\"WebSite\",\"@id\":\"https:\/\/aliyevclinic.com\/#website\",\"url\":\"https:\/\/aliyevclinic.com\/\",\"name\":\"Aliyev Klinik\",\"description\":\"Estetik Klinik- Estetik Sanat\u0131\",\"publisher\":{\"@id\":\"https:\/\/aliyevclinic.com\/#organization\"},\"potentialAction\":[{\"@type\":\"SearchAction\",\"target\":{\"@type\":\"EntryPoint\",\"urlTemplate\":\"https:\/\/aliyevclinic.com\/?s={search_term_string}\"},\"query-input\":\"required name=search_term_string\"}],\"inLanguage\":\"tr\"},{\"@type\":\"Organization\",\"@id\":\"https:\/\/aliyevclinic.com\/#organization\",\"name\":\"Aliyev Klinik\",\"url\":\"https:\/\/aliyevclinic.com\/\",\"logo\":{\"@type\":\"ImageObject\",\"inLanguage\":\"tr\",\"@id\":\"https:\/\/aliyevclinic.com\/#\/schema\/logo\/image\/\",\"url\":\"https:\/\/aliyevclinic.com\/wp-content\/uploads\/2021\/12\/headerlogor1.png\",\"contentUrl\":\"https:\/\/aliyevclinic.com\/wp-content\/uploads\/2021\/12\/headerlogor1.png\",\"width\":223,\"height\":72,\"caption\":\"Aliyev Klinik\"},\"image\":{\"@id\":\"https:\/\/aliyevclinic.com\/#\/schema\/logo\/image\/\"}}]}<\/script>\n<!-- \/ Yoast SEO plugin. -->","yoast_head_json":{"title":"KVKK - Aliyev Klinik","robots":{"index":"index","follow":"follow","max-snippet":"max-snippet:-1","max-image-preview":"max-image-preview:large","max-video-preview":"max-video-preview:-1"},"canonical":"https:\/\/aliyevclinic.com\/tr\/kvkk\/","og_locale":"tr_TR","og_type":"article","og_title":"KVKK - Aliyev Klinik","og_description":"De\u011ferli Ziyaret\u00e7i, \u0130nternet sitemizi ziyaretiniz ve ileti\u015fim formunu doldurman\u0131z ile i\u015flenecek ki\u015fisel verilerinize ili\u015fkin olarak; 6698 say\u0131l\u0131 Ki\u015fisel Verilerin Korunmas\u0131 Hakk\u0131nda Kanun (\u201cKanun\u201d) uyar\u0131nca veri sorumlusu s\u0131fat\u0131 ile sizi bilgilendirmek&hellip;","og_url":"https:\/\/aliyevclinic.com\/tr\/kvkk\/","og_site_name":"Aliyev Klinik","article_modified_time":"2023-09-27T10:59:20+00:00","twitter_card":"summary_large_image","twitter_misc":{"Tahmini okuma s\u00fcresi":"2 dakika"},"schema":{"@context":"https:\/\/schema.org","@graph":[{"@type":"WebPage","@id":"https:\/\/aliyevclinic.com\/tr\/kvkk\/","url":"https:\/\/aliyevclinic.com\/tr\/kvkk\/","name":"KVKK - Aliyev Klinik","isPartOf":{"@id":"https:\/\/aliyevclinic.com\/#website"},"datePublished":"2020-08-27T08:23:10+00:00","dateModified":"2023-09-27T10:59:20+00:00","breadcrumb":{"@id":"https:\/\/aliyevclinic.com\/tr\/kvkk\/#breadcrumb"},"inLanguage":"tr","potentialAction":[{"@type":"ReadAction","target":["https:\/\/aliyevclinic.com\/tr\/kvkk\/"]}]},{"@type":"BreadcrumbList","@id":"https:\/\/aliyevclinic.com\/tr\/kvkk\/#breadcrumb","itemListElement":[{"@type":"ListItem","position":1,"name":"Home","item":"https:\/\/aliyevclinic.com\/tr\/"},{"@type":"ListItem","position":2,"name":"KVKK"}]},{"@type":"WebSite","@id":"https:\/\/aliyevclinic.com\/#website","url":"https:\/\/aliyevclinic.com\/","name":"Aliyev Klinik","description":"Estetik Klinik- Estetik Sanat\u0131","publisher":{"@id":"https:\/\/aliyevclinic.com\/#organization"},"potentialAction":[{"@type":"SearchAction","target":{"@type":"EntryPoint","urlTemplate":"https:\/\/aliyevclinic.com\/?s={search_term_string}"},"query-input":"required name=search_term_string"}],"inLanguage":"tr"},{"@type":"Organization","@id":"https:\/\/aliyevclinic.com\/#organization","name":"Aliyev Klinik","url":"https:\/\/aliyevclinic.com\/","logo":{"@type":"ImageObject","inLanguage":"tr","@id":"https:\/\/aliyevclinic.com\/#\/schema\/logo\/image\/","url":"https:\/\/aliyevclinic.com\/wp-content\/uploads\/2021\/12\/headerlogor1.png","contentUrl":"https:\/\/aliyevclinic.com\/wp-content\/uploads\/2021\/12\/headerlogor1.png","width":223,"height":72,"caption":"Aliyev Klinik"},"image":{"@id":"https:\/\/aliyevclinic.com\/#\/schema\/logo\/image\/"}}]}},"_links":{"self":[{"href":"https:\/\/aliyevclinic.com\/tr\/wp-json\/wp\/v2\/pages\/27424"}],"collection":[{"href":"https:\/\/aliyevclinic.com\/tr\/wp-json\/wp\/v2\/pages"}],"about":[{"href":"https:\/\/aliyevclinic.com\/tr\/wp-json\/wp\/v2\/types\/page"}],"author":[{"embeddable":true,"href":"https:\/\/aliyevclinic.com\/tr\/wp-json\/wp\/v2\/users\/1"}],"replies":[{"embeddable":true,"href":"https:\/\/aliyevclinic.com\/tr\/wp-json\/wp\/v2\/comments?post=27424"}],"version-history":[{"count":5,"href":"https:\/\/aliyevclinic.com\/tr\/wp-json\/wp\/v2\/pages\/27424\/revisions"}],"predecessor-version":[{"id":29502,"href":"https:\/\/aliyevclinic.com\/tr\/wp-json\/wp\/v2\/pages\/27424\/revisions\/29502"}],"wp:attachment":[{"href":"https:\/\/aliyevclinic.com\/tr\/wp-json\/wp\/v2\/media?parent=27424"}],"curies":[{"name":"wp","href":"https:\/\/api.w.org\/{rel}","templated":true}]}}